{"id":3302,"date":"2020-01-13T13:13:42","date_gmt":"2020-01-13T12:13:42","guid":{"rendered":"https:\/\/flipptryck.a-demo.se\/?post_type=product&#038;p=3302"},"modified":"2025-12-12T15:17:54","modified_gmt":"2025-12-12T14:17:54","slug":"podium-monterdisk","status":"publish","type":"product","link":"https:\/\/www.atta45.se\/e-butik\/produkt\/podium-monterdisk\/","title":{"rendered":"Podium Monterdisk"},"content":{"rendered":"","protected":false},"excerpt":{"rendered":"<p>Detta \u00e4r en rymlig transportbox som p\u00e5 minuten kan omvandlas till en elegant och stabil disk med inv\u00e4ndiga hyllor. Materialet \u00e4r noga utvalt f\u00f6r h\u00e5llbarhet och anv\u00e4ndarv\u00e4nlighet. Den har en vikt inkl toppskiva p\u00e5 21 kg och en volym om 196 liter.<\/p>\n<p>Den h\u00e4r monterdisken f\u00f6rvandlas till en stor v-formad disk p\u00e5 n\u00e5gra minuter. Framsidan printas med er design eller logotype. Uppst\u00e4lld s\u00e5 erbjuder disken gott om f\u00f6rvaring tack vare de inv\u00e4ndiga hyllplanen. Storlek hopf\u00e4lld (mm) = D415xB640xH1000. Storlek utf\u00e4lld (mm) = D590 x B1390 x H1010.<\/p>\n<p>Svart toppskiva med l\u00e4tt melerad yta som h\u00e5ller sig fr\u00e4sch och t\u00e5l hantering. Som boxar \u00e4r disksystemet mycket t\u00e5ligt och rullas enkelt tack vare inf\u00e4llda hjul och handtag.<\/p>\n<p>OBS: Vi kan endast ta emot en fil per produkt. Om ni vill ladda upp fler tryckoriginal, s\u00e5 skapa en mapp som ni l\u00e4gger filerna i. Sedan komprimerar ni mappen. Vi tar emot komprimerade format s\u00e5som: zip, rar, gz och 7z.<\/p>\n","protected":false},"featured_media":4194,"template":"","meta":{"_acf_changed":false,"_seopress_robots_primary_cat":"none","_seopress_titles_title":"Best\u00e4ll Podium Monterdisk till din m\u00e4ssa | \u00c5tta.45 Tryckeri","_seopress_titles_desc":"En rymlig monterdisk att samlas kring p\u00e5 eventet och m\u00e4ssan. Det h\u00e4r \u00e4r kungen bland portabla diskar! Podium Monterdisk \u00e4r \u00e4r robust och stabil.","_seopress_robots_index":""},"product_brand":[],"product_cat":[15,111],"product_tag":[],"class_list":{"0":"post-3302","1":"product","2":"type-product","3":"status-publish","4":"has-post-thumbnail","6":"product_cat-okategoriserad","7":"product_cat-massa","9":"first","10":"instock","11":"taxable","12":"shipping-taxable","13":"purchasable","14":"product-type-variable","15":"has-default-attributes"},"acf":[],"_links":{"self":[{"href":"https:\/\/www.atta45.se\/e-butik\/wp-json\/wp\/v2\/product\/3302","targetHints":{"allow":["GET"]}}],"collection":[{"href":"https:\/\/www.atta45.se\/e-butik\/wp-json\/wp\/v2\/product"}],"about":[{"href":"https:\/\/www.atta45.se\/e-butik\/wp-json\/wp\/v2\/types\/product"}],"wp:featuredmedia":[{"embeddable":true,"href":"https:\/\/www.atta45.se\/e-butik\/wp-json\/wp\/v2\/media\/4194"}],"wp:attachment":[{"href":"https:\/\/www.atta45.se\/e-butik\/wp-json\/wp\/v2\/media?parent=3302"}],"wp:term":[{"taxonomy":"product_brand","embeddable":true,"href":"https:\/\/www.atta45.se\/e-butik\/wp-json\/wp\/v2\/product_brand?post=3302"},{"taxonomy":"product_cat","embeddable":true,"href":"https:\/\/www.atta45.se\/e-butik\/wp-json\/wp\/v2\/product_cat?post=3302"},{"taxonomy":"product_tag","embeddable":true,"href":"https:\/\/www.atta45.se\/e-butik\/wp-json\/wp\/v2\/product_tag?post=3302"}],"curies":[{"name":"wp","href":"https:\/\/api.w.org\/{rel}","templated":true}]}}