{"id":32958,"date":"2024-12-26T17:24:45","date_gmt":"2024-12-26T16:24:45","guid":{"rendered":"https:\/\/www.atta45.se\/e-butik\/?post_type=product&#038;p=32958"},"modified":"2025-10-27T22:25:49","modified_gmt":"2025-10-27T21:25:49","slug":"mugg-i-keramik-250-ml","status":"publish","type":"product","link":"https:\/\/www.atta45.se\/e-butik\/produkt\/mugg-i-keramik-250-ml\/","title":{"rendered":"Mugg i porslin (250 ml), Jamie"},"content":{"rendered":"<p>Kaffemugg i klassisk design, med modernt utformat \u00f6ra. \u00c4r gjord i keramik (250 ml). Blank f\u00e4rgad in- och utsida. S\u00e4ljs i poster om 12 st. Pris per styck.<\/p>\n","protected":false},"excerpt":{"rendered":"<p>Kaffemugg i klassisk design, med modernt utformat \u00f6ra. \u00c4r gjord i keramik (250 ml). Blank f\u00e4rgad in- och utsida. S\u00e4ljs i poster om 12 st. Pris per styck.<\/p>\n","protected":false},"featured_media":32959,"template":"","meta":{"_acf_changed":false,"_seopress_robots_primary_cat":"","_seopress_titles_title":"","_seopress_titles_desc":"","_seopress_robots_index":""},"product_brand":[],"product_cat":[15],"product_tag":[],"class_list":{"0":"post-32958","1":"product","2":"type-product","3":"status-publish","4":"has-post-thumbnail","6":"product_cat-okategoriserad","7":"atta45_taxonomy-flaskor-sv","8":"atta45_taxonomy-tema-inspiration-ogonblick-kontorsliv-sv","9":"atta45_taxonomy-hem-hushall-koppar-sv","10":"atta45_taxonomy-muggar-koppar-sv","11":"atta45_taxonomy-muggar-muggar-sv","12":"atta45_taxonomy-hem-hushall-muggar-sv","13":"atta45_taxonomy-fritid-muggar-koppar-sv","14":"atta45_taxonomy-tema-inspiration-sv","15":"atta45_taxonomy-fritid-vattenflaskor-sv","17":"first","18":"instock","19":"taxable","20":"shipping-taxable","21":"purchasable","22":"product-type-variable"},"acf":[],"_links":{"self":[{"href":"https:\/\/www.atta45.se\/e-butik\/wp-json\/wp\/v2\/product\/32958","targetHints":{"allow":["GET"]}}],"collection":[{"href":"https:\/\/www.atta45.se\/e-butik\/wp-json\/wp\/v2\/product"}],"about":[{"href":"https:\/\/www.atta45.se\/e-butik\/wp-json\/wp\/v2\/types\/product"}],"wp:featuredmedia":[{"embeddable":true,"href":"https:\/\/www.atta45.se\/e-butik\/wp-json\/wp\/v2\/media\/32959"}],"wp:attachment":[{"href":"https:\/\/www.atta45.se\/e-butik\/wp-json\/wp\/v2\/media?parent=32958"}],"wp:term":[{"taxonomy":"product_brand","embeddable":true,"href":"https:\/\/www.atta45.se\/e-butik\/wp-json\/wp\/v2\/product_brand?post=32958"},{"taxonomy":"product_cat","embeddable":true,"href":"https:\/\/www.atta45.se\/e-butik\/wp-json\/wp\/v2\/product_cat?post=32958"},{"taxonomy":"product_tag","embeddable":true,"href":"https:\/\/www.atta45.se\/e-butik\/wp-json\/wp\/v2\/product_tag?post=32958"}],"curies":[{"name":"wp","href":"https:\/\/api.w.org\/{rel}","templated":true}]}}