{"id":32874,"date":"2024-12-26T17:24:11","date_gmt":"2024-12-26T16:24:11","guid":{"rendered":"https:\/\/www.atta45.se\/e-butik\/?post_type=product&#038;p=32874"},"modified":"2025-10-27T20:30:00","modified_gmt":"2025-10-27T19:30:00","slug":"set-med-termos-420-ml-och-muggar-herbert","status":"publish","type":"product","link":"https:\/\/www.atta45.se\/e-butik\/produkt\/set-med-termos-420-ml-och-muggar-herbert\/","title":{"rendered":"Set med termos (420 ml) och muggar Herbert"},"content":{"rendered":"<p>Set i rostfritt st\u00e5l (s\/s304) med dubbelv\u00e4ggig termoflaska (420 ml) inklusive tv\u00e5 koppar (150 ml), f\u00f6rpackade tillsammans i en brun kartong.<\/p>\n","protected":false},"excerpt":{"rendered":"<p>Set i rostfritt st\u00e5l (s\/s304) med dubbelv\u00e4ggig termoflaska (420 ml) inklusive tv\u00e5 koppar (150 ml), f\u00f6rpackade tillsammans i en brun kartong.<\/p>\n","protected":false},"featured_media":32875,"template":"","meta":{"_acf_changed":false,"_seopress_robots_primary_cat":"","_seopress_titles_title":"","_seopress_titles_desc":"","_seopress_robots_index":""},"product_brand":[],"product_cat":[15],"product_tag":[],"class_list":{"0":"post-32874","1":"product","2":"type-product","3":"status-publish","4":"has-post-thumbnail","6":"product_cat-okategoriserad","7":"atta45_taxonomy-flaskor-sv","8":"atta45_taxonomy-tema-inspiration-utvalda-produkter-nyheter-sv","9":"atta45_taxonomy-nyheter-sv","10":"atta45_taxonomy-hem-hushall-termos-sv","11":"atta45_taxonomy-fritid-termos-sv","12":"atta45_taxonomy-fritid-vattenflaskor-sv","14":"first","15":"instock","16":"taxable","17":"shipping-taxable","18":"purchasable","19":"product-type-variable"},"acf":[],"_links":{"self":[{"href":"https:\/\/www.atta45.se\/e-butik\/wp-json\/wp\/v2\/product\/32874","targetHints":{"allow":["GET"]}}],"collection":[{"href":"https:\/\/www.atta45.se\/e-butik\/wp-json\/wp\/v2\/product"}],"about":[{"href":"https:\/\/www.atta45.se\/e-butik\/wp-json\/wp\/v2\/types\/product"}],"wp:featuredmedia":[{"embeddable":true,"href":"https:\/\/www.atta45.se\/e-butik\/wp-json\/wp\/v2\/media\/32875"}],"wp:attachment":[{"href":"https:\/\/www.atta45.se\/e-butik\/wp-json\/wp\/v2\/media?parent=32874"}],"wp:term":[{"taxonomy":"product_brand","embeddable":true,"href":"https:\/\/www.atta45.se\/e-butik\/wp-json\/wp\/v2\/product_brand?post=32874"},{"taxonomy":"product_cat","embeddable":true,"href":"https:\/\/www.atta45.se\/e-butik\/wp-json\/wp\/v2\/product_cat?post=32874"},{"taxonomy":"product_tag","embeddable":true,"href":"https:\/\/www.atta45.se\/e-butik\/wp-json\/wp\/v2\/product_tag?post=32874"}],"curies":[{"name":"wp","href":"https:\/\/api.w.org\/{rel}","templated":true}]}}