{"id":32796,"date":"2024-12-26T17:23:41","date_gmt":"2024-12-26T16:23:41","guid":{"rendered":"https:\/\/www.atta45.se\/e-butik\/?post_type=product&#038;p=32796"},"modified":"2025-10-27T20:27:46","modified_gmt":"2025-10-27T19:27:46","slug":"rpet-flaska-730-ml-manfred","status":"publish","type":"product","link":"https:\/\/www.atta45.se\/e-butik\/produkt\/rpet-flaska-730-ml-manfred\/","title":{"rendered":"rPET flaska (730 ml) Manfred"},"content":{"rendered":"<p>rPET flaska (730 ml) med vikbar pip och sugr\u00f6r inuti. B\u00e4r\u00f6gla p\u00e5 ovansidan av PP-locket. F\u00f6rpackad i bulk med silkespapper.<\/p>\n","protected":false},"excerpt":{"rendered":"<p>rPET flaska (730 ml) med vikbar pip och sugr\u00f6r inuti. B\u00e4r\u00f6gla p\u00e5 ovansidan av PP-locket. F\u00f6rpackad i bulk med silkespapper.<\/p>\n","protected":false},"featured_media":32797,"template":"","meta":{"_acf_changed":false,"_seopress_robots_primary_cat":"","_seopress_titles_title":"","_seopress_titles_desc":"","_seopress_robots_index":""},"product_brand":[],"product_cat":[15],"product_tag":[],"class_list":{"0":"post-32796","1":"product","2":"type-product","3":"status-publish","4":"has-post-thumbnail","6":"product_cat-okategoriserad","7":"atta45_taxonomy-flaskor-sv","8":"atta45_taxonomy-tema-inspiration-grona-intryck-sv","9":"atta45_taxonomy-tema-inspiration-ogonblick-kontorsliv-sv","10":"atta45_taxonomy-nyheter-sv","11":"atta45_taxonomy-tema-inspiration-utvalda-produkter-nyheter-sv","12":"atta45_taxonomy-tema-inspiration-ogonblick-pa-vagen-sv","13":"atta45_taxonomy-tema-inspiration-sv","14":"atta45_taxonomy-fritid-vattenflaskor-sv","16":"first","17":"instock","18":"taxable","19":"shipping-taxable","20":"purchasable","21":"product-type-variable"},"acf":[],"_links":{"self":[{"href":"https:\/\/www.atta45.se\/e-butik\/wp-json\/wp\/v2\/product\/32796","targetHints":{"allow":["GET"]}}],"collection":[{"href":"https:\/\/www.atta45.se\/e-butik\/wp-json\/wp\/v2\/product"}],"about":[{"href":"https:\/\/www.atta45.se\/e-butik\/wp-json\/wp\/v2\/types\/product"}],"wp:featuredmedia":[{"embeddable":true,"href":"https:\/\/www.atta45.se\/e-butik\/wp-json\/wp\/v2\/media\/32797"}],"wp:attachment":[{"href":"https:\/\/www.atta45.se\/e-butik\/wp-json\/wp\/v2\/media?parent=32796"}],"wp:term":[{"taxonomy":"product_brand","embeddable":true,"href":"https:\/\/www.atta45.se\/e-butik\/wp-json\/wp\/v2\/product_brand?post=32796"},{"taxonomy":"product_cat","embeddable":true,"href":"https:\/\/www.atta45.se\/e-butik\/wp-json\/wp\/v2\/product_cat?post=32796"},{"taxonomy":"product_tag","embeddable":true,"href":"https:\/\/www.atta45.se\/e-butik\/wp-json\/wp\/v2\/product_tag?post=32796"}],"curies":[{"name":"wp","href":"https:\/\/api.w.org\/{rel}","templated":true}]}}