{"id":327612,"date":"2025-04-18T08:26:22","date_gmt":"2025-04-18T06:26:22","guid":{"rendered":"https:\/\/www.atta45.se\/e-butik\/produkt\/owen-women-womens-pique-polo-shirt-with-concealed-placket\/"},"modified":"2025-10-28T01:46:30","modified_gmt":"2025-10-28T00:46:30","slug":"owen-women-womens-pique-polo-shirt-with-concealed-placket","status":"publish","type":"product","link":"https:\/\/www.atta45.se\/e-butik\/produkt\/owen-women-womens-pique-polo-shirt-with-concealed-placket\/","title":{"rendered":"Pik\u00e9tr\u00f6ja &#8211; Dampik\u00e9 med dold knappsl\u00e5 Owen Women"},"content":{"rendered":"<p>WOMEN&#8217;S PIQU\u00c9 POLO SHIRT WITH CONCEALED PLACKET (OWEN WOMEN)<\/p>\n<p>Lightweight and comfortable, this short sleeve piqu\u00e9 polo shirt is a simple and casual garment. With its concealed button placket, it is ideal for a casual look, while keeping its smart style.<\/p>\n<p>100% combed Ringspun cotton<br \/>Short sleeves<br \/>Ribbed collar and cuffs<br \/>Concealed button placket<br \/>4 tone-on-tone buttons<br \/>Side slits at bottom<br \/>PIQU\u00c9 215<br \/>Available in: S &#8211; 3XL<\/p>\n","protected":false},"excerpt":{"rendered":"<p>WOMEN&#8217;S PIQU\u00c9 POLO SHIRT WITH CONCEALED PLACKET (OWEN WOMEN) Lightweight and comfortable, this short sleeve piqu\u00e9 polo shirt is a simple and casual garment. With its concealed button placket, it is ideal for a casual look, while keeping its smart style. 100% combed Ringspun cottonShort sleevesRibbed collar and cuffsConcealed button placket4 tone-on-tone buttonsSide slits at [&hellip;]<\/p>\n","protected":false},"featured_media":327613,"template":"","meta":{"_acf_changed":false,"_seopress_robots_primary_cat":"","_seopress_titles_title":"","_seopress_titles_desc":"","_seopress_robots_index":""},"product_brand":[],"product_cat":[15],"product_tag":[],"class_list":{"0":"post-327612","1":"product","2":"type-product","3":"status-publish","4":"has-post-thumbnail","6":"product_cat-okategoriserad","7":"atta45_taxonomy-textil-piketrojor-tennistrojor-sv","9":"first","10":"instock","11":"taxable","12":"shipping-taxable","13":"purchasable","14":"product-type-variable"},"acf":[],"_links":{"self":[{"href":"https:\/\/www.atta45.se\/e-butik\/wp-json\/wp\/v2\/product\/327612","targetHints":{"allow":["GET"]}}],"collection":[{"href":"https:\/\/www.atta45.se\/e-butik\/wp-json\/wp\/v2\/product"}],"about":[{"href":"https:\/\/www.atta45.se\/e-butik\/wp-json\/wp\/v2\/types\/product"}],"wp:featuredmedia":[{"embeddable":true,"href":"https:\/\/www.atta45.se\/e-butik\/wp-json\/wp\/v2\/media\/327613"}],"wp:attachment":[{"href":"https:\/\/www.atta45.se\/e-butik\/wp-json\/wp\/v2\/media?parent=327612"}],"wp:term":[{"taxonomy":"product_brand","embeddable":true,"href":"https:\/\/www.atta45.se\/e-butik\/wp-json\/wp\/v2\/product_brand?post=327612"},{"taxonomy":"product_cat","embeddable":true,"href":"https:\/\/www.atta45.se\/e-butik\/wp-json\/wp\/v2\/product_cat?post=327612"},{"taxonomy":"product_tag","embeddable":true,"href":"https:\/\/www.atta45.se\/e-butik\/wp-json\/wp\/v2\/product_tag?post=327612"}],"curies":[{"name":"wp","href":"https:\/\/api.w.org\/{rel}","templated":true}]}}