{"id":32758,"date":"2024-12-26T17:23:25","date_gmt":"2024-12-26T16:23:25","guid":{"rendered":"https:\/\/www.atta45.se\/e-butik\/?post_type=product&#038;p=32758"},"modified":"2025-10-27T20:27:31","modified_gmt":"2025-10-27T19:27:31","slug":"mugg-i-rostfritt-stal-med-dubbla-vaggar-300-ml-renate","status":"publish","type":"product","link":"https:\/\/www.atta45.se\/e-butik\/produkt\/mugg-i-rostfritt-stal-med-dubbla-vaggar-300-ml-renate\/","title":{"rendered":"Mugg i rostfritt st\u00e5l med dubbla v\u00e4ggar (300 ml) Renate"},"content":{"rendered":"<p>Rostfri dubbelv\u00e4ggig (S\/S304) dricksmugg (300 ml) med matt finish. PS lock p\u00e5 ovansidan med st\u00e4ngning. Inkluderar logotyp i \u00e5tervunnet rostfritt st\u00e5l p\u00e5 framsidan av muggen. Individuellt f\u00f6rpackad i brun kartong.<\/p>\n","protected":false},"excerpt":{"rendered":"<p>Rostfri dubbelv\u00e4ggig (S\/S304) dricksmugg (300 ml) med matt finish. PS lock p\u00e5 ovansidan med st\u00e4ngning. Inkluderar logotyp i \u00e5tervunnet rostfritt st\u00e5l p\u00e5 framsidan av muggen. Individuellt f\u00f6rpackad i brun kartong.<\/p>\n","protected":false},"featured_media":32759,"template":"","meta":{"_acf_changed":false,"_seopress_robots_primary_cat":"","_seopress_titles_title":"","_seopress_titles_desc":"","_seopress_robots_index":""},"product_brand":[],"product_cat":[15],"product_tag":[],"class_list":{"0":"post-32758","1":"product","2":"type-product","3":"status-publish","4":"has-post-thumbnail","6":"product_cat-okategoriserad","7":"atta45_taxonomy-flaskor-sv","8":"atta45_taxonomy-tema-inspiration-grona-intryck-sv","9":"atta45_taxonomy-hem-hushall-muggar-sv","10":"atta45_taxonomy-muggar-muggar-sv","11":"atta45_taxonomy-fritid-muggar-koppar-sv","12":"atta45_taxonomy-tema-inspiration-utvalda-produkter-nyheter-sv","13":"atta45_taxonomy-nyheter-sv","14":"atta45_taxonomy-tema-inspiration-ogonblick-pa-vagen-sv","15":"atta45_taxonomy-tema-inspiration-sv","16":"atta45_taxonomy-fritid-vattenflaskor-sv","18":"first","19":"instock","20":"taxable","21":"shipping-taxable","22":"purchasable","23":"product-type-variable"},"acf":[],"_links":{"self":[{"href":"https:\/\/www.atta45.se\/e-butik\/wp-json\/wp\/v2\/product\/32758","targetHints":{"allow":["GET"]}}],"collection":[{"href":"https:\/\/www.atta45.se\/e-butik\/wp-json\/wp\/v2\/product"}],"about":[{"href":"https:\/\/www.atta45.se\/e-butik\/wp-json\/wp\/v2\/types\/product"}],"wp:featuredmedia":[{"embeddable":true,"href":"https:\/\/www.atta45.se\/e-butik\/wp-json\/wp\/v2\/media\/32759"}],"wp:attachment":[{"href":"https:\/\/www.atta45.se\/e-butik\/wp-json\/wp\/v2\/media?parent=32758"}],"wp:term":[{"taxonomy":"product_brand","embeddable":true,"href":"https:\/\/www.atta45.se\/e-butik\/wp-json\/wp\/v2\/product_brand?post=32758"},{"taxonomy":"product_cat","embeddable":true,"href":"https:\/\/www.atta45.se\/e-butik\/wp-json\/wp\/v2\/product_cat?post=32758"},{"taxonomy":"product_tag","embeddable":true,"href":"https:\/\/www.atta45.se\/e-butik\/wp-json\/wp\/v2\/product_tag?post=32758"}],"curies":[{"name":"wp","href":"https:\/\/api.w.org\/{rel}","templated":true}]}}