{"id":32726,"date":"2024-12-26T17:23:14","date_gmt":"2024-12-26T16:23:14","guid":{"rendered":"https:\/\/www.atta45.se\/e-butik\/?post_type=product&#038;p=32726"},"modified":"2025-10-27T20:14:32","modified_gmt":"2025-10-27T19:14:32","slug":"flaska-i-atervunnet-rostfritt-stal-500-ml-aline","status":"publish","type":"product","link":"https:\/\/www.atta45.se\/e-butik\/produkt\/flaska-i-atervunnet-rostfritt-stal-500-ml-aline\/","title":{"rendered":"Flaska i \u00e5tervunnet rostfritt st\u00e5l (500 ml) Aline"},"content":{"rendered":"<p>Flaska i \u00e5tervunnet rostfritt st\u00e5l (500 ml) med bambudetalj i locket och b\u00e4r\u00f6glan. Rostfritt st\u00e5l 304 inuti och rostfritt st\u00e5l 201 utsida. Inkluderar symbol f\u00f6r \u00e5tervunnet rostfritt st\u00e5l p\u00e5 flaskan. F\u00f6rpackad per styck i brun kartong.<\/p>\n","protected":false},"excerpt":{"rendered":"<p>Flaska i \u00e5tervunnet rostfritt st\u00e5l (500 ml) med bambudetalj i locket och b\u00e4r\u00f6glan. Rostfritt st\u00e5l 304 inuti och rostfritt st\u00e5l 201 utsida. Inkluderar symbol f\u00f6r \u00e5tervunnet rostfritt st\u00e5l p\u00e5 flaskan. F\u00f6rpackad per styck i brun kartong.<\/p>\n","protected":false},"featured_media":32727,"template":"","meta":{"_acf_changed":false,"_seopress_robots_primary_cat":"","_seopress_titles_title":"","_seopress_titles_desc":"","_seopress_robots_index":""},"product_brand":[],"product_cat":[15],"product_tag":[],"class_list":{"0":"post-32726","1":"product","2":"type-product","3":"status-publish","4":"has-post-thumbnail","6":"product_cat-okategoriserad","7":"atta45_taxonomy-flaskor-sv","8":"atta45_taxonomy-tema-inspiration-grona-intryck-sv","9":"atta45_taxonomy-tema-inspiration-ogonblick-kontorsliv-sv","10":"atta45_taxonomy-tema-inspiration-utvalda-produkter-nyheter-sv","11":"atta45_taxonomy-nyheter-sv","12":"atta45_taxonomy-tema-inspiration-ogonblick-pa-vagen-sv","13":"atta45_taxonomy-tema-inspiration-sv","14":"atta45_taxonomy-fritid-vattenflaskor-sv","16":"first","17":"instock","18":"taxable","19":"shipping-taxable","20":"purchasable","21":"product-type-variable"},"acf":[],"_links":{"self":[{"href":"https:\/\/www.atta45.se\/e-butik\/wp-json\/wp\/v2\/product\/32726","targetHints":{"allow":["GET"]}}],"collection":[{"href":"https:\/\/www.atta45.se\/e-butik\/wp-json\/wp\/v2\/product"}],"about":[{"href":"https:\/\/www.atta45.se\/e-butik\/wp-json\/wp\/v2\/types\/product"}],"wp:featuredmedia":[{"embeddable":true,"href":"https:\/\/www.atta45.se\/e-butik\/wp-json\/wp\/v2\/media\/32727"}],"wp:attachment":[{"href":"https:\/\/www.atta45.se\/e-butik\/wp-json\/wp\/v2\/media?parent=32726"}],"wp:term":[{"taxonomy":"product_brand","embeddable":true,"href":"https:\/\/www.atta45.se\/e-butik\/wp-json\/wp\/v2\/product_brand?post=32726"},{"taxonomy":"product_cat","embeddable":true,"href":"https:\/\/www.atta45.se\/e-butik\/wp-json\/wp\/v2\/product_cat?post=32726"},{"taxonomy":"product_tag","embeddable":true,"href":"https:\/\/www.atta45.se\/e-butik\/wp-json\/wp\/v2\/product_tag?post=32726"}],"curies":[{"name":"wp","href":"https:\/\/api.w.org\/{rel}","templated":true}]}}