{"id":32710,"date":"2024-12-26T17:23:08","date_gmt":"2024-12-26T16:23:08","guid":{"rendered":"https:\/\/www.atta45.se\/e-butik\/?post_type=product&#038;p=32710"},"modified":"2025-10-27T20:14:19","modified_gmt":"2025-10-27T19:14:19","slug":"termoflaska-med-dubbla-vaggar-500-ml","status":"publish","type":"product","link":"https:\/\/www.atta45.se\/e-butik\/produkt\/termoflaska-med-dubbla-vaggar-500-ml\/","title":{"rendered":"Termoflaska med dubbla v\u00e4ggar (500 ml)"},"content":{"rendered":"<p>Termoflaska med dubbla v\u00e4ggar av rostfritt st\u00e5l (s\/s304) (500 ml) med PP-kopp\/lock. Koppen rymmer 130 ml. F\u00f6rpackad per styck i brun kartong.<\/p>\n","protected":false},"excerpt":{"rendered":"<p>Termoflaska med dubbla v\u00e4ggar av rostfritt st\u00e5l (s\/s304) (500 ml) med PP-kopp\/lock. Koppen rymmer 130 ml. F\u00f6rpackad per styck i brun kartong.<\/p>\n","protected":false},"featured_media":32711,"template":"","meta":{"_acf_changed":false,"_seopress_robots_primary_cat":"none","_seopress_titles_title":"","_seopress_titles_desc":"","_seopress_robots_index":""},"product_brand":[],"product_cat":[15],"product_tag":[],"class_list":{"0":"post-32710","1":"product","2":"type-product","3":"status-publish","4":"has-post-thumbnail","6":"product_cat-okategoriserad","7":"atta45_taxonomy-flaskor-sv","8":"atta45_taxonomy-nyheter-sv","9":"atta45_taxonomy-tema-inspiration-utvalda-produkter-nyheter-sv","10":"atta45_taxonomy-fritid-vattenflaskor-sv","12":"first","13":"instock","14":"featured","15":"taxable","16":"shipping-taxable","17":"purchasable","18":"product-type-variable"},"acf":[],"_links":{"self":[{"href":"https:\/\/www.atta45.se\/e-butik\/wp-json\/wp\/v2\/product\/32710","targetHints":{"allow":["GET"]}}],"collection":[{"href":"https:\/\/www.atta45.se\/e-butik\/wp-json\/wp\/v2\/product"}],"about":[{"href":"https:\/\/www.atta45.se\/e-butik\/wp-json\/wp\/v2\/types\/product"}],"wp:featuredmedia":[{"embeddable":true,"href":"https:\/\/www.atta45.se\/e-butik\/wp-json\/wp\/v2\/media\/32711"}],"wp:attachment":[{"href":"https:\/\/www.atta45.se\/e-butik\/wp-json\/wp\/v2\/media?parent=32710"}],"wp:term":[{"taxonomy":"product_brand","embeddable":true,"href":"https:\/\/www.atta45.se\/e-butik\/wp-json\/wp\/v2\/product_brand?post=32710"},{"taxonomy":"product_cat","embeddable":true,"href":"https:\/\/www.atta45.se\/e-butik\/wp-json\/wp\/v2\/product_cat?post=32710"},{"taxonomy":"product_tag","embeddable":true,"href":"https:\/\/www.atta45.se\/e-butik\/wp-json\/wp\/v2\/product_tag?post=32710"}],"curies":[{"name":"wp","href":"https:\/\/api.w.org\/{rel}","templated":true}]}}