{"id":32678,"date":"2024-12-26T17:22:55","date_gmt":"2024-12-26T16:22:55","guid":{"rendered":"https:\/\/www.atta45.se\/e-butik\/?post_type=product&#038;p=32678"},"modified":"2025-10-27T20:14:07","modified_gmt":"2025-10-27T19:14:07","slug":"dubbelvaggig-mugg-320-ml-i-rostfritt-stal-louisa","status":"publish","type":"product","link":"https:\/\/www.atta45.se\/e-butik\/produkt\/dubbelvaggig-mugg-320-ml-i-rostfritt-stal-louisa\/","title":{"rendered":"Dubbelv\u00e4ggig mugg (320 ml)  i rostfritt st\u00e5l Louisa"},"content":{"rendered":"<p>Pulverlackerad dubbelv\u00e4ggig mugg i rostfritt st\u00e5l (320 ml). Rostfritt st\u00e5l 304 inuti och rostfritt st\u00e5l 201 utsida. B\u00e4rband p\u00e5 sidan och PP lock. F\u00f6rpackad styckvis i brun kartong.<\/p>\n","protected":false},"excerpt":{"rendered":"<p>Pulverlackerad dubbelv\u00e4ggig mugg i rostfritt st\u00e5l (320 ml). Rostfritt st\u00e5l 304 inuti och rostfritt st\u00e5l 201 utsida. B\u00e4rband p\u00e5 sidan och PP lock. F\u00f6rpackad styckvis i brun kartong.<\/p>\n","protected":false},"featured_media":32679,"template":"","meta":{"_acf_changed":false,"_seopress_robots_primary_cat":"","_seopress_titles_title":"","_seopress_titles_desc":"","_seopress_robots_index":""},"product_brand":[],"product_cat":[15],"product_tag":[],"class_list":{"0":"post-32678","1":"product","2":"type-product","3":"status-publish","4":"has-post-thumbnail","6":"product_cat-okategoriserad","7":"atta45_taxonomy-flaskor-sv","8":"atta45_taxonomy-nyheter-sv","9":"atta45_taxonomy-tema-inspiration-utvalda-produkter-nyheter-sv","10":"atta45_taxonomy-fritid-vattenflaskor-sv","12":"first","13":"instock","14":"taxable","15":"shipping-taxable","16":"purchasable","17":"product-type-variable"},"acf":[],"_links":{"self":[{"href":"https:\/\/www.atta45.se\/e-butik\/wp-json\/wp\/v2\/product\/32678","targetHints":{"allow":["GET"]}}],"collection":[{"href":"https:\/\/www.atta45.se\/e-butik\/wp-json\/wp\/v2\/product"}],"about":[{"href":"https:\/\/www.atta45.se\/e-butik\/wp-json\/wp\/v2\/types\/product"}],"wp:featuredmedia":[{"embeddable":true,"href":"https:\/\/www.atta45.se\/e-butik\/wp-json\/wp\/v2\/media\/32679"}],"wp:attachment":[{"href":"https:\/\/www.atta45.se\/e-butik\/wp-json\/wp\/v2\/media?parent=32678"}],"wp:term":[{"taxonomy":"product_brand","embeddable":true,"href":"https:\/\/www.atta45.se\/e-butik\/wp-json\/wp\/v2\/product_brand?post=32678"},{"taxonomy":"product_cat","embeddable":true,"href":"https:\/\/www.atta45.se\/e-butik\/wp-json\/wp\/v2\/product_cat?post=32678"},{"taxonomy":"product_tag","embeddable":true,"href":"https:\/\/www.atta45.se\/e-butik\/wp-json\/wp\/v2\/product_tag?post=32678"}],"curies":[{"name":"wp","href":"https:\/\/api.w.org\/{rel}","templated":true}]}}