{"id":32654,"date":"2024-12-26T17:22:45","date_gmt":"2024-12-26T16:22:45","guid":{"rendered":"https:\/\/www.atta45.se\/e-butik\/?post_type=product&#038;p=32654"},"modified":"2025-10-27T20:13:40","modified_gmt":"2025-10-27T19:13:40","slug":"rostfri-lunchbox-med-dubbla-vaggar-niko","status":"publish","type":"product","link":"https:\/\/www.atta45.se\/e-butik\/produkt\/rostfri-lunchbox-med-dubbla-vaggar-niko\/","title":{"rendered":"Rostfri lunchbox med dubbla v\u00e4ggar Niko"},"content":{"rendered":"<p>Rostfri dubbelv\u00e4ggig lunchbox (460 ml) med svart PP-sked och silikongrepp i matchande f\u00e4rg p\u00e5 grytan. Insida rostfritt st\u00e5l 304 och utsida rostfritt st\u00e5l 201. Levereras med ett PP lock. Styckvis f\u00f6rpackad i brun kartong.<\/p>\n","protected":false},"excerpt":{"rendered":"<p>Rostfri dubbelv\u00e4ggig lunchbox (460 ml) med svart PP-sked och silikongrepp i matchande f\u00e4rg p\u00e5 grytan. Insida rostfritt st\u00e5l 304 och utsida rostfritt st\u00e5l 201. Levereras med ett PP lock. Styckvis f\u00f6rpackad i brun kartong.<\/p>\n","protected":false},"featured_media":32655,"template":"","meta":{"_acf_changed":false,"_seopress_robots_primary_cat":"","_seopress_titles_title":"","_seopress_titles_desc":"","_seopress_robots_index":""},"product_brand":[],"product_cat":[15],"product_tag":[],"class_list":{"0":"post-32654","1":"product","2":"type-product","3":"status-publish","4":"has-post-thumbnail","6":"product_cat-okategoriserad","7":"atta45_taxonomy-flaskor-sv","8":"atta45_taxonomy-hem-hushall-lunchlada-sv","9":"atta45_taxonomy-tema-inspiration-utvalda-produkter-nyheter-sv","10":"atta45_taxonomy-nyheter-sv","11":"atta45_taxonomy-fritid-vattenflaskor-sv","13":"first","14":"instock","15":"taxable","16":"shipping-taxable","17":"purchasable","18":"product-type-variable"},"acf":[],"_links":{"self":[{"href":"https:\/\/www.atta45.se\/e-butik\/wp-json\/wp\/v2\/product\/32654","targetHints":{"allow":["GET"]}}],"collection":[{"href":"https:\/\/www.atta45.se\/e-butik\/wp-json\/wp\/v2\/product"}],"about":[{"href":"https:\/\/www.atta45.se\/e-butik\/wp-json\/wp\/v2\/types\/product"}],"wp:featuredmedia":[{"embeddable":true,"href":"https:\/\/www.atta45.se\/e-butik\/wp-json\/wp\/v2\/media\/32655"}],"wp:attachment":[{"href":"https:\/\/www.atta45.se\/e-butik\/wp-json\/wp\/v2\/media?parent=32654"}],"wp:term":[{"taxonomy":"product_brand","embeddable":true,"href":"https:\/\/www.atta45.se\/e-butik\/wp-json\/wp\/v2\/product_brand?post=32654"},{"taxonomy":"product_cat","embeddable":true,"href":"https:\/\/www.atta45.se\/e-butik\/wp-json\/wp\/v2\/product_cat?post=32654"},{"taxonomy":"product_tag","embeddable":true,"href":"https:\/\/www.atta45.se\/e-butik\/wp-json\/wp\/v2\/product_tag?post=32654"}],"curies":[{"name":"wp","href":"https:\/\/api.w.org\/{rel}","templated":true}]}}