{"id":32506,"date":"2024-12-26T17:21:48","date_gmt":"2024-12-26T16:21:48","guid":{"rendered":"https:\/\/www.atta45.se\/e-butik\/?post_type=product&#038;p=32506"},"modified":"2025-10-27T20:05:23","modified_gmt":"2025-10-27T19:05:23","slug":"rpet-flaska-500-ml-laia","status":"publish","type":"product","link":"https:\/\/www.atta45.se\/e-butik\/produkt\/rpet-flaska-500-ml-laia\/","title":{"rendered":"rPET flaska 500 ml Laia"},"content":{"rendered":"<p>rPET vattenflaska (500 ml) med lock av PP samt bambudetaljer p\u00e5 ovansidan. B\u00e4rrem av silikon. Individuellt f\u00f6rpackad i en \u00e5tervunnen polyp\u00e5se.<\/p>\n","protected":false},"excerpt":{"rendered":"<p>rPET vattenflaska (500 ml) med lock av PP samt bambudetaljer p\u00e5 ovansidan. B\u00e4rrem av silikon. Individuellt f\u00f6rpackad i en \u00e5tervunnen polyp\u00e5se.<\/p>\n","protected":false},"featured_media":32507,"template":"","meta":{"_acf_changed":false,"_seopress_robots_primary_cat":"","_seopress_titles_title":"","_seopress_titles_desc":"","_seopress_robots_index":""},"product_brand":[],"product_cat":[15],"product_tag":[],"class_list":{"0":"post-32506","1":"product","2":"type-product","3":"status-publish","4":"has-post-thumbnail","6":"product_cat-okategoriserad","7":"atta45_taxonomy-tema-inspiration-grona-intryck-bambu-sv","8":"atta45_taxonomy-elektronik-kontor-sv","9":"atta45_taxonomy-tema-inspiration-ogonblick-en-dag-i-parken-sv","10":"atta45_taxonomy-flaskor-sv","11":"atta45_taxonomy-tema-inspiration-grona-intryck-sv","12":"atta45_taxonomy-tema-inspiration-ogonblick-kontorsliv-sv","13":"atta45_taxonomy-tema-inspiration-utvalda-produkter-nyheter-sv","14":"atta45_taxonomy-nyheter-sv","15":"atta45_taxonomy-tema-inspiration-ogonblick-sv","16":"atta45_taxonomy-tema-inspiration-ogonblick-pa-vagen-sv","17":"atta45_taxonomy-tema-inspiration-ogonblick-sporthandelser-sv","18":"atta45_taxonomy-tema-inspiration-sv","19":"atta45_taxonomy-tema-inspiration-branscher-utbildning-sv","20":"atta45_taxonomy-fritid-vattenflaskor-sv","22":"first","23":"instock","24":"taxable","25":"shipping-taxable","26":"purchasable","27":"product-type-variable"},"acf":[],"_links":{"self":[{"href":"https:\/\/www.atta45.se\/e-butik\/wp-json\/wp\/v2\/product\/32506","targetHints":{"allow":["GET"]}}],"collection":[{"href":"https:\/\/www.atta45.se\/e-butik\/wp-json\/wp\/v2\/product"}],"about":[{"href":"https:\/\/www.atta45.se\/e-butik\/wp-json\/wp\/v2\/types\/product"}],"wp:featuredmedia":[{"embeddable":true,"href":"https:\/\/www.atta45.se\/e-butik\/wp-json\/wp\/v2\/media\/32507"}],"wp:attachment":[{"href":"https:\/\/www.atta45.se\/e-butik\/wp-json\/wp\/v2\/media?parent=32506"}],"wp:term":[{"taxonomy":"product_brand","embeddable":true,"href":"https:\/\/www.atta45.se\/e-butik\/wp-json\/wp\/v2\/product_brand?post=32506"},{"taxonomy":"product_cat","embeddable":true,"href":"https:\/\/www.atta45.se\/e-butik\/wp-json\/wp\/v2\/product_cat?post=32506"},{"taxonomy":"product_tag","embeddable":true,"href":"https:\/\/www.atta45.se\/e-butik\/wp-json\/wp\/v2\/product_tag?post=32506"}],"curies":[{"name":"wp","href":"https:\/\/api.w.org\/{rel}","templated":true}]}}