{"id":324063,"date":"2025-04-18T04:40:16","date_gmt":"2025-04-18T02:40:16","guid":{"rendered":"https:\/\/www.atta45.se\/e-butik\/produkt\/seattle-unisex-two-colour-sweatshirt\/"},"modified":"2025-10-28T01:37:52","modified_gmt":"2025-10-28T00:37:52","slug":"seattle-unisex-two-colour-sweatshirt","status":"publish","type":"product","link":"https:\/\/www.atta45.se\/e-butik\/produkt\/seattle-unisex-two-colour-sweatshirt\/","title":{"rendered":"Tr\u00f6ja &#8211; Unisex tv\u00e5f\u00e4rgad Seattle"},"content":{"rendered":"<p>UNISEX TWO-COLOUR\u00a0SWEATSHIRT (SEATTLE)<\/p>\n<p>80% ringspun cotton &#8211; 20% polyester<br \/>Brushed\u00a0inside<br \/>Outside: 100% cotton<br \/>Two-coloured<br \/>Raglan sleeves<br \/>Front pouch pocket<br \/>Ribbed cuffs and bottom<br \/>Lined hood with drawstring to adjust it<br \/>Taped neck<br \/>Cut and sewn<br \/>FLEECE 280\u00a0LSF (Low Shrinkage Fabric)\u00a0<br \/>Available in: XS &#8211; 3XL<\/p>\n","protected":false},"excerpt":{"rendered":"<p>UNISEX TWO-COLOUR\u00a0SWEATSHIRT (SEATTLE) 80% ringspun cotton &#8211; 20% polyesterBrushed\u00a0insideOutside: 100% cottonTwo-colouredRaglan sleevesFront pouch pocketRibbed cuffs and bottomLined hood with drawstring to adjust itTaped neckCut and sewnFLEECE 280\u00a0LSF (Low Shrinkage Fabric)\u00a0Available in: XS &#8211; 3XL<\/p>\n","protected":false},"featured_media":324064,"template":"","meta":{"_acf_changed":false,"_seopress_robots_primary_cat":"","_seopress_titles_title":"","_seopress_titles_desc":"","_seopress_robots_index":""},"product_brand":[],"product_cat":[15],"product_tag":[],"class_list":{"0":"post-324063","1":"product","2":"type-product","3":"status-publish","4":"has-post-thumbnail","6":"product_cat-okategoriserad","7":"atta45_taxonomy-textil-sweatshirts-collegetrojor-sv","9":"first","10":"instock","11":"taxable","12":"shipping-taxable","13":"purchasable","14":"product-type-variable"},"acf":[],"_links":{"self":[{"href":"https:\/\/www.atta45.se\/e-butik\/wp-json\/wp\/v2\/product\/324063","targetHints":{"allow":["GET"]}}],"collection":[{"href":"https:\/\/www.atta45.se\/e-butik\/wp-json\/wp\/v2\/product"}],"about":[{"href":"https:\/\/www.atta45.se\/e-butik\/wp-json\/wp\/v2\/types\/product"}],"wp:featuredmedia":[{"embeddable":true,"href":"https:\/\/www.atta45.se\/e-butik\/wp-json\/wp\/v2\/media\/324064"}],"wp:attachment":[{"href":"https:\/\/www.atta45.se\/e-butik\/wp-json\/wp\/v2\/media?parent=324063"}],"wp:term":[{"taxonomy":"product_brand","embeddable":true,"href":"https:\/\/www.atta45.se\/e-butik\/wp-json\/wp\/v2\/product_brand?post=324063"},{"taxonomy":"product_cat","embeddable":true,"href":"https:\/\/www.atta45.se\/e-butik\/wp-json\/wp\/v2\/product_cat?post=324063"},{"taxonomy":"product_tag","embeddable":true,"href":"https:\/\/www.atta45.se\/e-butik\/wp-json\/wp\/v2\/product_tag?post=324063"}],"curies":[{"name":"wp","href":"https:\/\/api.w.org\/{rel}","templated":true}]}}