{"id":32390,"date":"2024-12-26T17:21:00","date_gmt":"2024-12-26T16:21:00","guid":{"rendered":"https:\/\/www.atta45.se\/e-butik\/?post_type=product&#038;p=32390"},"modified":"2025-10-27T19:44:35","modified_gmt":"2025-10-27T18:44:35","slug":"glasflaska-500-ml-maxwell","status":"publish","type":"product","link":"https:\/\/www.atta45.se\/e-butik\/produkt\/glasflaska-500-ml-maxwell\/","title":{"rendered":"Glasflaska (500 ml) Maxwell"},"content":{"rendered":"<p>Glasflaska (500 ml) med rostfritt st\u00e5llock. Individuellt f\u00f6rpackad i en brun kartongl\u00e5da.<\/p>\n","protected":false},"excerpt":{"rendered":"<p>Glasflaska (500 ml) med rostfritt st\u00e5llock. Individuellt f\u00f6rpackad i en brun kartongl\u00e5da.<\/p>\n","protected":false},"featured_media":32391,"template":"","meta":{"_acf_changed":false,"_seopress_robots_primary_cat":"","_seopress_titles_title":"","_seopress_titles_desc":"","_seopress_robots_index":""},"product_brand":[],"product_cat":[15],"product_tag":[],"class_list":{"0":"post-32390","1":"product","2":"type-product","3":"status-publish","4":"has-post-thumbnail","6":"product_cat-okategoriserad","7":"atta45_taxonomy-flaskor-sv","8":"atta45_taxonomy-hem-hushall-glas-sv","9":"atta45_taxonomy-muggar-glas-sv","10":"atta45_taxonomy-tema-inspiration-utvalda-produkter-nyheter-sv","11":"atta45_taxonomy-nyheter-sv","12":"atta45_taxonomy-tema-inspiration-sasong-sv","13":"atta45_taxonomy-tema-inspiration-sasong-sommar-sv","14":"atta45_taxonomy-tema-inspiration-sv","15":"atta45_taxonomy-fritid-vattenflaskor-sv","17":"first","18":"instock","19":"taxable","20":"shipping-taxable","21":"purchasable","22":"product-type-variable"},"acf":[],"_links":{"self":[{"href":"https:\/\/www.atta45.se\/e-butik\/wp-json\/wp\/v2\/product\/32390","targetHints":{"allow":["GET"]}}],"collection":[{"href":"https:\/\/www.atta45.se\/e-butik\/wp-json\/wp\/v2\/product"}],"about":[{"href":"https:\/\/www.atta45.se\/e-butik\/wp-json\/wp\/v2\/types\/product"}],"wp:featuredmedia":[{"embeddable":true,"href":"https:\/\/www.atta45.se\/e-butik\/wp-json\/wp\/v2\/media\/32391"}],"wp:attachment":[{"href":"https:\/\/www.atta45.se\/e-butik\/wp-json\/wp\/v2\/media?parent=32390"}],"wp:term":[{"taxonomy":"product_brand","embeddable":true,"href":"https:\/\/www.atta45.se\/e-butik\/wp-json\/wp\/v2\/product_brand?post=32390"},{"taxonomy":"product_cat","embeddable":true,"href":"https:\/\/www.atta45.se\/e-butik\/wp-json\/wp\/v2\/product_cat?post=32390"},{"taxonomy":"product_tag","embeddable":true,"href":"https:\/\/www.atta45.se\/e-butik\/wp-json\/wp\/v2\/product_tag?post=32390"}],"curies":[{"name":"wp","href":"https:\/\/api.w.org\/{rel}","templated":true}]}}