{"id":3235,"date":"2020-01-10T13:11:18","date_gmt":"2020-01-10T12:11:18","guid":{"rendered":"https:\/\/flipptryck.a-demo.se\/?post_type=product&#038;p=3235"},"modified":"2025-12-12T14:31:01","modified_gmt":"2025-12-12T13:31:01","slug":"dekal-golv","status":"publish","type":"product","link":"https:\/\/www.atta45.se\/e-butik\/produkt\/dekal-golv\/","title":{"rendered":"Dekal Golv"},"content":{"rendered":"","protected":false},"excerpt":{"rendered":"<p>V\u00e5ra golvdekaler f\u00f6rvandlar golv till en attraktiv och i\u00f6gonfallande reklamyta! H\u00e4r kan du ta ut sv\u00e4ngarna med formgivningen, exempelvis kan en effekt av 3D ge stor uppm\u00e4rksamhet. Golvdekoren har en h\u00e5llbarhet p\u00e5 upp till 6 m\u00e5nader och anv\u00e4nds flitigt p\u00e5 offentliga platser s\u00e5 som flygplatser, gallerior och stormarknader. Du kan ocks\u00e5 g\u00f6ra en konturstansning som passar motivet och som h\u00f6jer intrycket av golvdekalerna.<\/p>\n<p>OBS: Vi kan endast ta emot en fil per produkt. Om ni vill ladda upp fler tryckoriginal, s\u00e5 skapa en mapp som ni l\u00e4gger filerna i. Sedan komprimerar ni mappen. Vi tar emot komprimerade format s\u00e5som: zip, rar, gz och 7z.<\/p>\n","protected":false},"featured_media":4395,"template":"","meta":{"_acf_changed":false,"_seopress_robots_primary_cat":"none","_seopress_titles_title":"Golvdekaler av h\u00f6g kvalitet till bra pris | \u00c5tta.45 Tryckeri","_seopress_titles_desc":"V\u00e5ra golvdekaler f\u00f6rvandlar golv till en attraktiv och i\u00f6gonfallande reklamyta. Anv\u00e4nds med f\u00f6rdel till social distansering, tex vid kassak\u00f6er.","_seopress_robots_index":""},"product_brand":[],"product_cat":[15,110],"product_tag":[],"class_list":{"0":"post-3235","1":"product","2":"type-product","3":"status-publish","4":"has-post-thumbnail","6":"product_cat-okategoriserad","7":"product_cat-butiksmaterial","9":"first","10":"instock","11":"taxable","12":"shipping-taxable","13":"purchasable","14":"product-type-variable","15":"has-default-attributes"},"acf":[],"_links":{"self":[{"href":"https:\/\/www.atta45.se\/e-butik\/wp-json\/wp\/v2\/product\/3235","targetHints":{"allow":["GET"]}}],"collection":[{"href":"https:\/\/www.atta45.se\/e-butik\/wp-json\/wp\/v2\/product"}],"about":[{"href":"https:\/\/www.atta45.se\/e-butik\/wp-json\/wp\/v2\/types\/product"}],"wp:featuredmedia":[{"embeddable":true,"href":"https:\/\/www.atta45.se\/e-butik\/wp-json\/wp\/v2\/media\/4395"}],"wp:attachment":[{"href":"https:\/\/www.atta45.se\/e-butik\/wp-json\/wp\/v2\/media?parent=3235"}],"wp:term":[{"taxonomy":"product_brand","embeddable":true,"href":"https:\/\/www.atta45.se\/e-butik\/wp-json\/wp\/v2\/product_brand?post=3235"},{"taxonomy":"product_cat","embeddable":true,"href":"https:\/\/www.atta45.se\/e-butik\/wp-json\/wp\/v2\/product_cat?post=3235"},{"taxonomy":"product_tag","embeddable":true,"href":"https:\/\/www.atta45.se\/e-butik\/wp-json\/wp\/v2\/product_tag?post=3235"}],"curies":[{"name":"wp","href":"https:\/\/api.w.org\/{rel}","templated":true}]}}