{"id":3233,"date":"2020-01-10T13:09:08","date_gmt":"2020-01-10T12:09:08","guid":{"rendered":"https:\/\/flipptryck.a-demo.se\/?post_type=product&#038;p=3233"},"modified":"2025-12-12T14:31:05","modified_gmt":"2025-12-12T13:31:05","slug":"dekal-vagg","status":"publish","type":"product","link":"https:\/\/www.atta45.se\/e-butik\/produkt\/dekal-vagg\/","title":{"rendered":"Dekal V\u00e4gg"},"content":{"rendered":"","protected":false},"excerpt":{"rendered":"<p>N\u00e4r du tillf\u00e4lligt vill anv\u00e4nda v\u00e4ggar som kommunikationsyta \u00e4r v\u00e4ggdekalen ett bra val. Dekalen ger dig flexibilitet och \u00e4r ett prisv\u00e4rt alternativ till annan kampanjinredning. Dekalerna \u00e4r l\u00e4tth\u00e4ftade och helt fri fr\u00e5n adhesiv (klister). Dekalen f\u00e4ster p\u00e5 alla sl\u00e4ta ytor, \u00e4r l\u00e4tta att s\u00e4tta upp och ta ner, l\u00e4mnar inga m\u00e4rken efter sig och kan enkelt flyttas. Motiven trycks alltid i h\u00f6gsta kvalitet och uppl\u00f6sning i v\u00e5ra moderna digitalpressar. <a href=\"https:\/\/flipptryck.a-demo.se\/trycka-vaggdekal\/\">L\u00e4s mer h\u00e4r<\/a>.<\/p>\n<p>OBS: Vi kan endast ta emot en fil per produkt. Om ni vill ladda upp fler tryckoriginal, s\u00e5 skapa en mapp som ni l\u00e4gger filerna i. Sedan komprimerar ni mappen. Vi tar emot komprimerade format s\u00e5som: zip, rar, gz och 7z.<\/p>\n","protected":false},"featured_media":4392,"template":"","meta":{"_acf_changed":false,"_seopress_robots_primary_cat":"none","_seopress_titles_title":"V\u00e4ggdekaler av h\u00f6g kvalitet till bra pris | \u00c5tta.45 Tryckeri","_seopress_titles_desc":"V\u00e4ggdekaler ger dig flexibilitet och \u00e4r ett prisv\u00e4rt alternativ till din kampanj. L\u00e4tth\u00e4ftade och f\u00e4ster p\u00e5 alla sl\u00e4ta ytor, l\u00e4tta att s\u00e4tta upp och ta ner.","_seopress_robots_index":""},"product_brand":[],"product_cat":[15,110],"product_tag":[],"class_list":{"0":"post-3233","1":"product","2":"type-product","3":"status-publish","4":"has-post-thumbnail","6":"product_cat-okategoriserad","7":"product_cat-butiksmaterial","9":"first","10":"instock","11":"taxable","12":"shipping-taxable","13":"purchasable","14":"product-type-variable","15":"has-default-attributes"},"acf":[],"_links":{"self":[{"href":"https:\/\/www.atta45.se\/e-butik\/wp-json\/wp\/v2\/product\/3233","targetHints":{"allow":["GET"]}}],"collection":[{"href":"https:\/\/www.atta45.se\/e-butik\/wp-json\/wp\/v2\/product"}],"about":[{"href":"https:\/\/www.atta45.se\/e-butik\/wp-json\/wp\/v2\/types\/product"}],"wp:featuredmedia":[{"embeddable":true,"href":"https:\/\/www.atta45.se\/e-butik\/wp-json\/wp\/v2\/media\/4392"}],"wp:attachment":[{"href":"https:\/\/www.atta45.se\/e-butik\/wp-json\/wp\/v2\/media?parent=3233"}],"wp:term":[{"taxonomy":"product_brand","embeddable":true,"href":"https:\/\/www.atta45.se\/e-butik\/wp-json\/wp\/v2\/product_brand?post=3233"},{"taxonomy":"product_cat","embeddable":true,"href":"https:\/\/www.atta45.se\/e-butik\/wp-json\/wp\/v2\/product_cat?post=3233"},{"taxonomy":"product_tag","embeddable":true,"href":"https:\/\/www.atta45.se\/e-butik\/wp-json\/wp\/v2\/product_tag?post=3233"}],"curies":[{"name":"wp","href":"https:\/\/api.w.org\/{rel}","templated":true}]}}