{"id":32209,"date":"2024-12-26T17:18:07","date_gmt":"2024-12-26T16:18:07","guid":{"rendered":"https:\/\/www.atta45.se\/e-butik\/?post_type=product&#038;p=32209"},"modified":"2025-10-28T05:23:15","modified_gmt":"2025-10-28T04:23:15","slug":"rollup-exclusive","status":"publish","type":"product","link":"https:\/\/www.atta45.se\/e-butik\/produkt\/rollup-exclusive\/","title":{"rendered":"Rollup Exclusive"},"content":{"rendered":"<p>En rollup \u00e4r en mycket popul\u00e4r reklaml\u00f6sning. Detta \u00e4r en av de mest kompakta formerna av reklam &#8211; den k\u00e4nnetecknas av stor anv\u00e4ndarv\u00e4nlighet och enkel transport. Varje rollup best\u00e5r av grafik g\u00f6md i en aluminiumkassett och en tredelad ram f\u00f6rbunden med ett elastiskt band. Rollups \u00e4r f\u00f6rpackade i eleganta, svarta v\u00e4skor med ett bekv\u00e4mt handtag.<\/p>\n<p>En rollup som erk\u00e4nd p\u00e5 m\u00e5nga marknader, med ett exceptionellt elegant utseende, graci\u00f6st kallat: en t\u00e5r. Den k\u00e4nnetecknas av en mycket h\u00e5llbar och stabil konstruktion som graci\u00f6st presenterar grafiken.<\/p>\n<p>F\u00f6rdelar:<br \/>\n&#8211; Modernt och elegant utseende<br \/>\n&#8211; Grafiken \u00e4r tryckt p\u00e5 en h\u00f6gkvalitativ 450 g PVC-banner<br \/>\n&#8211; Finns i olika storlekar<br \/>\n&#8211; Toppen av masten sticker inte ut fr\u00e5n grafiken<br \/>\n&#8211; 3M-tejp &#8211; s\u00e4krar grafikf\u00e4stet till lindningssystemet<br \/>\n&#8211; Levereras separat i b\u00e4rv\u00e4skor<\/p>\n","protected":false},"excerpt":{"rendered":"<p>En rollup \u00e4r en mycket popul\u00e4r reklaml\u00f6sning. Detta \u00e4r en av de mest kompakta formerna av reklam &#8211; den k\u00e4nnetecknas av stor anv\u00e4ndarv\u00e4nlighet och enkel transport. Varje rollup best\u00e5r av grafik g\u00f6md i en aluminiumkassett och en tredelad ram f\u00f6rbunden med ett elastiskt band. Rollups \u00e4r f\u00f6rpackade i eleganta, svarta v\u00e4skor med ett bekv\u00e4mt handtag. [&hellip;]<\/p>\n","protected":false},"featured_media":32210,"template":"","meta":{"_acf_changed":false,"_seopress_robots_primary_cat":"none","_seopress_titles_title":"","_seopress_titles_desc":"","_seopress_robots_index":""},"product_brand":[],"product_cat":[15],"product_tag":[],"class_list":{"0":"post-32209","1":"product","2":"type-product","3":"status-publish","4":"has-post-thumbnail","6":"product_cat-okategoriserad","8":"first","9":"instock","10":"taxable","11":"shipping-taxable","12":"purchasable","13":"product-type-variable"},"acf":[],"_links":{"self":[{"href":"https:\/\/www.atta45.se\/e-butik\/wp-json\/wp\/v2\/product\/32209","targetHints":{"allow":["GET"]}}],"collection":[{"href":"https:\/\/www.atta45.se\/e-butik\/wp-json\/wp\/v2\/product"}],"about":[{"href":"https:\/\/www.atta45.se\/e-butik\/wp-json\/wp\/v2\/types\/product"}],"wp:featuredmedia":[{"embeddable":true,"href":"https:\/\/www.atta45.se\/e-butik\/wp-json\/wp\/v2\/media\/32210"}],"wp:attachment":[{"href":"https:\/\/www.atta45.se\/e-butik\/wp-json\/wp\/v2\/media?parent=32209"}],"wp:term":[{"taxonomy":"product_brand","embeddable":true,"href":"https:\/\/www.atta45.se\/e-butik\/wp-json\/wp\/v2\/product_brand?post=32209"},{"taxonomy":"product_cat","embeddable":true,"href":"https:\/\/www.atta45.se\/e-butik\/wp-json\/wp\/v2\/product_cat?post=32209"},{"taxonomy":"product_tag","embeddable":true,"href":"https:\/\/www.atta45.se\/e-butik\/wp-json\/wp\/v2\/product_tag?post=32209"}],"curies":[{"name":"wp","href":"https:\/\/api.w.org\/{rel}","templated":true}]}}