{"id":32103,"date":"2024-12-26T17:17:18","date_gmt":"2024-12-26T16:17:18","guid":{"rendered":"https:\/\/www.atta45.se\/e-butik\/?post_type=product&#038;p=32103"},"modified":"2025-10-28T05:22:27","modified_gmt":"2025-10-28T04:22:27","slug":"rollup-standard-plus","status":"publish","type":"product","link":"https:\/\/www.atta45.se\/e-butik\/produkt\/rollup-standard-plus\/","title":{"rendered":"Rollup Standard Plus"},"content":{"rendered":"<p>En rollup \u00e4r en mycket popul\u00e4r reklaml\u00f6sning. Detta \u00e4r en av de mest kompakta formerna av reklam &#8211; den k\u00e4nnetecknas av stor anv\u00e4ndarv\u00e4nlighet och enkel transport. Varje rollup best\u00e5r av grafik g\u00f6md i en aluminiumkassett och en tredelad ram f\u00f6rbunden med ett elastiskt band. Rollups \u00e4r f\u00f6rpackade i eleganta, svarta v\u00e4skor med ett bekv\u00e4mt handtag.<\/p>\n<p>Rollup Standard Plus \u00e4r en ny produkt i v\u00e5rt sortiment, som syftar till att svara mot v\u00e5ra kunders f\u00f6rv\u00e4ntningar. Denna modellkassett \u00e4r l\u00e5nad fr\u00e5n en v\u00e4lk\u00e4nd och bepr\u00f6vad &#8221;Standard&#8221; modell. Den \u00e4r helt tillverkad av anodiserad aluminium. Endast kassettsidorna har bytts ut mot plast.<\/p>\n<p>F\u00f6rdelar:<br \/>\n&#8211; Sidopaneler mer motst\u00e5ndskraftiga mot bucklor<br \/>\n&#8211; Grafiken \u00e4r tryckt p\u00e5 en h\u00f6gkvalitativ 450 g PVC-banner<br \/>\n&#8211; Finns i olika storlekar<br \/>\n&#8211; Express Clip-typ &#8211; snabb och enkel montering<br \/>\n&#8211; Levereras separat i b\u00e4rv\u00e4skor<\/p>\n","protected":false},"excerpt":{"rendered":"<p>En rollup \u00e4r en mycket popul\u00e4r reklaml\u00f6sning. Detta \u00e4r en av de mest kompakta formerna av reklam &#8211; den k\u00e4nnetecknas av stor anv\u00e4ndarv\u00e4nlighet och enkel transport. Varje rollup best\u00e5r av grafik g\u00f6md i en aluminiumkassett och en tredelad ram f\u00f6rbunden med ett elastiskt band. Rollups \u00e4r f\u00f6rpackade i eleganta, svarta v\u00e4skor med ett bekv\u00e4mt handtag. [&hellip;]<\/p>\n","protected":false},"featured_media":32104,"template":"","meta":{"_acf_changed":false,"_seopress_robots_primary_cat":"none","_seopress_titles_title":"","_seopress_titles_desc":"","_seopress_robots_index":""},"product_brand":[],"product_cat":[15],"product_tag":[],"class_list":{"0":"post-32103","1":"product","2":"type-product","3":"status-publish","4":"has-post-thumbnail","6":"product_cat-okategoriserad","8":"first","9":"instock","10":"taxable","11":"shipping-taxable","12":"purchasable","13":"product-type-variable"},"acf":[],"_links":{"self":[{"href":"https:\/\/www.atta45.se\/e-butik\/wp-json\/wp\/v2\/product\/32103","targetHints":{"allow":["GET"]}}],"collection":[{"href":"https:\/\/www.atta45.se\/e-butik\/wp-json\/wp\/v2\/product"}],"about":[{"href":"https:\/\/www.atta45.se\/e-butik\/wp-json\/wp\/v2\/types\/product"}],"wp:featuredmedia":[{"embeddable":true,"href":"https:\/\/www.atta45.se\/e-butik\/wp-json\/wp\/v2\/media\/32104"}],"wp:attachment":[{"href":"https:\/\/www.atta45.se\/e-butik\/wp-json\/wp\/v2\/media?parent=32103"}],"wp:term":[{"taxonomy":"product_brand","embeddable":true,"href":"https:\/\/www.atta45.se\/e-butik\/wp-json\/wp\/v2\/product_brand?post=32103"},{"taxonomy":"product_cat","embeddable":true,"href":"https:\/\/www.atta45.se\/e-butik\/wp-json\/wp\/v2\/product_cat?post=32103"},{"taxonomy":"product_tag","embeddable":true,"href":"https:\/\/www.atta45.se\/e-butik\/wp-json\/wp\/v2\/product_tag?post=32103"}],"curies":[{"name":"wp","href":"https:\/\/api.w.org\/{rel}","templated":true}]}}