{"id":32085,"date":"2024-12-26T17:17:08","date_gmt":"2024-12-26T16:17:08","guid":{"rendered":"https:\/\/www.atta45.se\/e-butik\/?post_type=product&#038;p=32085"},"modified":"2025-10-28T05:22:14","modified_gmt":"2025-10-28T04:22:14","slug":"rollup-compact","status":"publish","type":"product","link":"https:\/\/www.atta45.se\/e-butik\/produkt\/rollup-compact\/","title":{"rendered":"Rollup Compact"},"content":{"rendered":"<p>En rollup \u00e4r en mycket popul\u00e4r reklaml\u00f6sning. Detta \u00e4r en av de mest kompakta formerna av reklam &#8211; den k\u00e4nnetecknas av stor anv\u00e4ndarv\u00e4nlighet och enkel transport. Varje rollup best\u00e5r av grafik g\u00f6md i en aluminiumkassett och en tredelad ram f\u00f6rbunden med ett elastiskt band. Rollups \u00e4r f\u00f6rpackade i eleganta, svarta v\u00e4skor med ett bekv\u00e4mt handtag.<\/p>\n<p>Compact-modellen \u00e4r ett extremt l\u00e4tt och beh\u00e4ndigt system. Diametern p\u00e5 dess kassett har reducerats fr\u00e5n den klassiska dimensionen 9,3 cm till 8,3 cm. Det \u00e4r en produkt i ekonomiklass.<\/p>\n<p>F\u00f6rdelar:<br \/>\n&#8211; Kasett 100% gjord av anodiserad aluminium<br \/>\n&#8211; Grafiken \u00e4r tryckt p\u00e5 en h\u00f6gkvalitativ 450 g PVC-banner<br \/>\n&#8211; Finns i olika storlekar<br \/>\n&#8211; Express Clip-typ &#8211; snabb och enkel montering<br \/>\n&#8211; Levereras separat i b\u00e4rv\u00e4skor<\/p>\n","protected":false},"excerpt":{"rendered":"<p>En rollup \u00e4r en mycket popul\u00e4r reklaml\u00f6sning. Detta \u00e4r en av de mest kompakta formerna av reklam &#8211; den k\u00e4nnetecknas av stor anv\u00e4ndarv\u00e4nlighet och enkel transport. Varje rollup best\u00e5r av grafik g\u00f6md i en aluminiumkassett och en tredelad ram f\u00f6rbunden med ett elastiskt band. Rollups \u00e4r f\u00f6rpackade i eleganta, svarta v\u00e4skor med ett bekv\u00e4mt handtag. [&hellip;]<\/p>\n","protected":false},"featured_media":32086,"template":"","meta":{"_acf_changed":false,"_seopress_robots_primary_cat":"none","_seopress_titles_title":"","_seopress_titles_desc":"","_seopress_robots_index":""},"product_brand":[],"product_cat":[15],"product_tag":[],"class_list":{"0":"post-32085","1":"product","2":"type-product","3":"status-publish","4":"has-post-thumbnail","6":"product_cat-okategoriserad","8":"first","9":"instock","10":"taxable","11":"shipping-taxable","12":"purchasable","13":"product-type-variable"},"acf":[],"_links":{"self":[{"href":"https:\/\/www.atta45.se\/e-butik\/wp-json\/wp\/v2\/product\/32085","targetHints":{"allow":["GET"]}}],"collection":[{"href":"https:\/\/www.atta45.se\/e-butik\/wp-json\/wp\/v2\/product"}],"about":[{"href":"https:\/\/www.atta45.se\/e-butik\/wp-json\/wp\/v2\/types\/product"}],"wp:featuredmedia":[{"embeddable":true,"href":"https:\/\/www.atta45.se\/e-butik\/wp-json\/wp\/v2\/media\/32086"}],"wp:attachment":[{"href":"https:\/\/www.atta45.se\/e-butik\/wp-json\/wp\/v2\/media?parent=32085"}],"wp:term":[{"taxonomy":"product_brand","embeddable":true,"href":"https:\/\/www.atta45.se\/e-butik\/wp-json\/wp\/v2\/product_brand?post=32085"},{"taxonomy":"product_cat","embeddable":true,"href":"https:\/\/www.atta45.se\/e-butik\/wp-json\/wp\/v2\/product_cat?post=32085"},{"taxonomy":"product_tag","embeddable":true,"href":"https:\/\/www.atta45.se\/e-butik\/wp-json\/wp\/v2\/product_tag?post=32085"}],"curies":[{"name":"wp","href":"https:\/\/api.w.org\/{rel}","templated":true}]}}