{"id":32057,"date":"2024-12-26T17:16:53","date_gmt":"2024-12-26T16:16:53","guid":{"rendered":"https:\/\/www.atta45.se\/e-butik\/?post_type=product&#038;p=32057"},"modified":"2025-10-28T04:48:35","modified_gmt":"2025-10-28T03:48:35","slug":"poster-sign-alu-stand-led-a3","status":"publish","type":"product","link":"https:\/\/www.atta45.se\/e-butik\/produkt\/poster-sign-alu-stand-led-a3\/","title":{"rendered":"Gatupratare Poster sign Alu stand LED  A3"},"content":{"rendered":"<p>Ett smidigt st\u00e4ll, helt i aluminium, med liggande ljusl\u00e5dor i A3 format. LED-belysning drivs med 2 st uppladdningsbara batterier som ger ett j\u00e4mnt och behagligt ljus \u00f6ver hela skylten. Varar upp till 10 timmar innan det beh\u00f6ver laddas. Laddare medf\u00f6ljer. Av och p\u00e5 knapp monterad i underkant. V\u00e4ska medf\u00f6ljer. Levereras 1 st i kartong.<\/p>\n","protected":false},"excerpt":{"rendered":"<p>Ett smidigt st\u00e4ll, helt i aluminium, med liggande ljusl\u00e5dor i A3 format. LED-belysning drivs med 2 st uppladdningsbara batterier som ger ett j\u00e4mnt och behagligt ljus \u00f6ver hela skylten. Varar upp till 10 timmar innan det beh\u00f6ver laddas. Laddare medf\u00f6ljer. Av och p\u00e5 knapp monterad i underkant. V\u00e4ska medf\u00f6ljer. Levereras 1 st i kartong.<\/p>\n","protected":false},"featured_media":32058,"template":"","meta":{"_acf_changed":false,"_seopress_robots_primary_cat":"","_seopress_titles_title":"","_seopress_titles_desc":"","_seopress_robots_index":""},"product_brand":[],"product_cat":[15],"product_tag":[],"class_list":{"0":"post-32057","1":"product","2":"type-product","3":"status-publish","4":"has-post-thumbnail","6":"product_cat-okategoriserad","7":"atta45_taxonomy-expo-event-poster-stall-sv","9":"first","10":"instock","11":"taxable","12":"shipping-taxable","13":"purchasable","14":"product-type-variable"},"acf":[],"_links":{"self":[{"href":"https:\/\/www.atta45.se\/e-butik\/wp-json\/wp\/v2\/product\/32057","targetHints":{"allow":["GET"]}}],"collection":[{"href":"https:\/\/www.atta45.se\/e-butik\/wp-json\/wp\/v2\/product"}],"about":[{"href":"https:\/\/www.atta45.se\/e-butik\/wp-json\/wp\/v2\/types\/product"}],"wp:featuredmedia":[{"embeddable":true,"href":"https:\/\/www.atta45.se\/e-butik\/wp-json\/wp\/v2\/media\/32058"}],"wp:attachment":[{"href":"https:\/\/www.atta45.se\/e-butik\/wp-json\/wp\/v2\/media?parent=32057"}],"wp:term":[{"taxonomy":"product_brand","embeddable":true,"href":"https:\/\/www.atta45.se\/e-butik\/wp-json\/wp\/v2\/product_brand?post=32057"},{"taxonomy":"product_cat","embeddable":true,"href":"https:\/\/www.atta45.se\/e-butik\/wp-json\/wp\/v2\/product_cat?post=32057"},{"taxonomy":"product_tag","embeddable":true,"href":"https:\/\/www.atta45.se\/e-butik\/wp-json\/wp\/v2\/product_tag?post=32057"}],"curies":[{"name":"wp","href":"https:\/\/api.w.org\/{rel}","templated":true}]}}