{"id":32041,"date":"2024-12-26T17:16:43","date_gmt":"2024-12-26T16:16:43","guid":{"rendered":"https:\/\/www.atta45.se\/e-butik\/?post_type=product&#038;p=32041"},"modified":"2025-10-28T04:48:11","modified_gmt":"2025-10-28T03:48:11","slug":"sign-city-70-x-100-cm","status":"publish","type":"product","link":"https:\/\/www.atta45.se\/e-butik\/produkt\/sign-city-70-x-100-cm\/","title":{"rendered":"Gatupratare Sign City (70 x 100 cm)"},"content":{"rendered":"<p>Godk\u00e4nt f\u00f6r placering i citymilj\u00f6 avseende kraven f\u00f6r synskadade. Elegant st\u00e4ll som passar in i alla milj\u00f6er. Med 2 st 45 mm clipsramar som g\u00f6r det enkelt att byta budskap. Vikt 15 kg.Tryckyta halvm\u00e5ne ca 70&#215;35 cm. Levereras 1 st i kartong.<\/p>\n","protected":false},"excerpt":{"rendered":"<p>Godk\u00e4nt f\u00f6r placering i citymilj\u00f6 avseende kraven f\u00f6r synskadade. Elegant st\u00e4ll som passar in i alla milj\u00f6er. Med 2 st 45 mm clipsramar som g\u00f6r det enkelt att byta budskap. Vikt 15 kg.Tryckyta halvm\u00e5ne ca 70&#215;35 cm. Levereras 1 st i kartong.<\/p>\n","protected":false},"featured_media":32042,"template":"","meta":{"_acf_changed":false,"_seopress_robots_primary_cat":"","_seopress_titles_title":"","_seopress_titles_desc":"","_seopress_robots_index":""},"product_brand":[],"product_cat":[15],"product_tag":[],"class_list":{"0":"post-32041","1":"product","2":"type-product","3":"status-publish","4":"has-post-thumbnail","6":"product_cat-okategoriserad","7":"atta45_taxonomy-expo-event-poster-stall-sv","9":"first","10":"instock","11":"taxable","12":"shipping-taxable","13":"purchasable","14":"product-type-variable"},"acf":[],"_links":{"self":[{"href":"https:\/\/www.atta45.se\/e-butik\/wp-json\/wp\/v2\/product\/32041","targetHints":{"allow":["GET"]}}],"collection":[{"href":"https:\/\/www.atta45.se\/e-butik\/wp-json\/wp\/v2\/product"}],"about":[{"href":"https:\/\/www.atta45.se\/e-butik\/wp-json\/wp\/v2\/types\/product"}],"wp:featuredmedia":[{"embeddable":true,"href":"https:\/\/www.atta45.se\/e-butik\/wp-json\/wp\/v2\/media\/32042"}],"wp:attachment":[{"href":"https:\/\/www.atta45.se\/e-butik\/wp-json\/wp\/v2\/media?parent=32041"}],"wp:term":[{"taxonomy":"product_brand","embeddable":true,"href":"https:\/\/www.atta45.se\/e-butik\/wp-json\/wp\/v2\/product_brand?post=32041"},{"taxonomy":"product_cat","embeddable":true,"href":"https:\/\/www.atta45.se\/e-butik\/wp-json\/wp\/v2\/product_cat?post=32041"},{"taxonomy":"product_tag","embeddable":true,"href":"https:\/\/www.atta45.se\/e-butik\/wp-json\/wp\/v2\/product_tag?post=32041"}],"curies":[{"name":"wp","href":"https:\/\/api.w.org\/{rel}","templated":true}]}}