{"id":32035,"date":"2024-12-26T17:16:37","date_gmt":"2024-12-26T16:16:37","guid":{"rendered":"https:\/\/www.atta45.se\/e-butik\/?post_type=product&#038;p=32035"},"modified":"2025-10-28T04:47:59","modified_gmt":"2025-10-28T03:47:59","slug":"sign-city-50-x-70-cm","status":"publish","type":"product","link":"https:\/\/www.atta45.se\/e-butik\/produkt\/sign-city-50-x-70-cm\/","title":{"rendered":"Gatupratare Sign City (50 x 70 cm)"},"content":{"rendered":"<p>Godk\u00e4nt f\u00f6r placering i citymilj\u00f6 avseende kraven f\u00f6r synskadade. Elegant st\u00e4ll som passar in i alla milj\u00f6er. Med 2 st 45 mm clipsramar som g\u00f6r det enkelt att byta budskap. Vikt 15 kg. F\u00f6r tryck p\u00e5 eller till st\u00e4llet, kontakta oss. Levereras 1 st i kartong.<\/p>\n","protected":false},"excerpt":{"rendered":"<p>Godk\u00e4nt f\u00f6r placering i citymilj\u00f6 avseende kraven f\u00f6r synskadade. Elegant st\u00e4ll som passar in i alla milj\u00f6er. Med 2 st 45 mm clipsramar som g\u00f6r det enkelt att byta budskap. Vikt 15 kg. F\u00f6r tryck p\u00e5 eller till st\u00e4llet, kontakta oss. Levereras 1 st i kartong.<\/p>\n","protected":false},"featured_media":32036,"template":"","meta":{"_acf_changed":false,"_seopress_robots_primary_cat":"","_seopress_titles_title":"","_seopress_titles_desc":"","_seopress_robots_index":""},"product_brand":[],"product_cat":[15],"product_tag":[],"class_list":{"0":"post-32035","1":"product","2":"type-product","3":"status-publish","4":"has-post-thumbnail","6":"product_cat-okategoriserad","7":"atta45_taxonomy-expo-event-poster-stall-sv","9":"first","10":"instock","11":"taxable","12":"shipping-taxable","13":"purchasable","14":"product-type-variable"},"acf":[],"_links":{"self":[{"href":"https:\/\/www.atta45.se\/e-butik\/wp-json\/wp\/v2\/product\/32035","targetHints":{"allow":["GET"]}}],"collection":[{"href":"https:\/\/www.atta45.se\/e-butik\/wp-json\/wp\/v2\/product"}],"about":[{"href":"https:\/\/www.atta45.se\/e-butik\/wp-json\/wp\/v2\/types\/product"}],"wp:featuredmedia":[{"embeddable":true,"href":"https:\/\/www.atta45.se\/e-butik\/wp-json\/wp\/v2\/media\/32036"}],"wp:attachment":[{"href":"https:\/\/www.atta45.se\/e-butik\/wp-json\/wp\/v2\/media?parent=32035"}],"wp:term":[{"taxonomy":"product_brand","embeddable":true,"href":"https:\/\/www.atta45.se\/e-butik\/wp-json\/wp\/v2\/product_brand?post=32035"},{"taxonomy":"product_cat","embeddable":true,"href":"https:\/\/www.atta45.se\/e-butik\/wp-json\/wp\/v2\/product_cat?post=32035"},{"taxonomy":"product_tag","embeddable":true,"href":"https:\/\/www.atta45.se\/e-butik\/wp-json\/wp\/v2\/product_tag?post=32035"}],"curies":[{"name":"wp","href":"https:\/\/api.w.org\/{rel}","templated":true}]}}