{"id":3203,"date":"2020-01-10T09:25:03","date_gmt":"2020-01-10T08:25:03","guid":{"rendered":"https:\/\/flipptryck.a-demo.se\/?post_type=product&#038;p=3203"},"modified":"2025-12-12T14:33:54","modified_gmt":"2025-12-12T13:33:54","slug":"twisterstall","status":"publish","type":"product","link":"https:\/\/www.atta45.se\/e-butik\/produkt\/twisterstall\/","title":{"rendered":"Twisterst\u00e4ll"},"content":{"rendered":"","protected":false},"excerpt":{"rendered":"<p>Twisterst\u00e4ll \u00e4r ett smart bordsst\u00e4ll f\u00f6r dina foldrar. Det exponerar och h\u00e5ller ordning p\u00e5 dina foldrar vid exempelvis receptionsdisken eller p\u00e5 m\u00e4ssan. Du har plats f\u00f6r budskap i toppen ovanf\u00f6r foldrarna. I nederkanten framf\u00f6r foldrarna finns en utm\u00e4rkt plats f\u00f6r exempelvis logotype.<\/p>\n<p>Twisterst\u00e4llen tillverkas i en 1,5 mm miniwell och \u00e4r stansade f\u00f6r snabb och enkel montering. De trycks alltid i h\u00f6gsta kvalitet och uppl\u00f6sning i v\u00e5ra moderna pressar.<\/p>\n<p>OBS: Vi kan endast ta emot en fil per produkt. Om ni vill ladda upp fler tryckoriginal, s\u00e5 skapa en mapp som ni l\u00e4gger filerna i. Sedan komprimerar ni mappen. Vi tar emot komprimerade format s\u00e5som: zip, rar, gz och 7z.<\/p>\n","protected":false},"featured_media":11604,"template":"","meta":{"_acf_changed":false,"_seopress_robots_primary_cat":"none","_seopress_titles_title":"Best\u00e4ll flexibla Twisterst\u00e4ll till bra pris | \u00c5tta.45 Tryckeri","_seopress_titles_desc":"V\u00e5rt twisterst\u00e4ll \u00e4r genialt enkelt att montera. Twisterst\u00e4ll \u00e4r ett smart bordsst\u00e4ll f\u00f6r dina foldrar. Det exponerar och h\u00e5ller ordning p\u00e5 dina foldrar.","_seopress_robots_index":""},"product_brand":[],"product_cat":[15,110],"product_tag":[],"class_list":{"0":"post-3203","1":"product","2":"type-product","3":"status-publish","4":"has-post-thumbnail","6":"product_cat-okategoriserad","7":"product_cat-butiksmaterial","9":"first","10":"instock","11":"taxable","12":"shipping-taxable","13":"purchasable","14":"product-type-variable","15":"has-default-attributes"},"acf":[],"_links":{"self":[{"href":"https:\/\/www.atta45.se\/e-butik\/wp-json\/wp\/v2\/product\/3203","targetHints":{"allow":["GET"]}}],"collection":[{"href":"https:\/\/www.atta45.se\/e-butik\/wp-json\/wp\/v2\/product"}],"about":[{"href":"https:\/\/www.atta45.se\/e-butik\/wp-json\/wp\/v2\/types\/product"}],"wp:featuredmedia":[{"embeddable":true,"href":"https:\/\/www.atta45.se\/e-butik\/wp-json\/wp\/v2\/media\/11604"}],"wp:attachment":[{"href":"https:\/\/www.atta45.se\/e-butik\/wp-json\/wp\/v2\/media?parent=3203"}],"wp:term":[{"taxonomy":"product_brand","embeddable":true,"href":"https:\/\/www.atta45.se\/e-butik\/wp-json\/wp\/v2\/product_brand?post=3203"},{"taxonomy":"product_cat","embeddable":true,"href":"https:\/\/www.atta45.se\/e-butik\/wp-json\/wp\/v2\/product_cat?post=3203"},{"taxonomy":"product_tag","embeddable":true,"href":"https:\/\/www.atta45.se\/e-butik\/wp-json\/wp\/v2\/product_tag?post=3203"}],"curies":[{"name":"wp","href":"https:\/\/api.w.org\/{rel}","templated":true}]}}