{"id":3201,"date":"2020-01-10T09:16:02","date_gmt":"2020-01-10T08:16:02","guid":{"rendered":"https:\/\/flipptryck.a-demo.se\/?post_type=product&#038;p=3201"},"modified":"2025-12-12T14:32:52","modified_gmt":"2025-12-12T13:32:52","slug":"takskylt","status":"publish","type":"product","link":"https:\/\/www.atta45.se\/e-butik\/produkt\/takskylt\/","title":{"rendered":"Takskylt"},"content":{"rendered":"","protected":false},"excerpt":{"rendered":"<p>Skyltarna \u00e4r tillverkade i ett t\u00e5ligt och v\u00e4derbest\u00e4ndigt material och passar b\u00e5de inom- och utomhus. Skyltarna har stansade h\u00e5l och flexibla upph\u00e4ngningskrokar medf\u00f6ljer. Dessa produceras p\u00e5 printolyte som \u00e4r ett mjukare material och mer flexibelt material \u00e4n Forex. Det extremt l\u00e4tta materialet \u00e4r enast\u00e5ende p\u00e5 grund av dess vita och sl\u00e4ta yta med en bikupek\u00e4rna.<\/p>\n<p>OBS: Vi kan endast ta emot en fil per produkt. Om ni vill ladda upp fler tryckoriginal, s\u00e5 skapa en mapp som ni l\u00e4gger filerna i. Sedan komprimerar ni mappen. Vi tar emot komprimerade format s\u00e5som: zip, rar, gz och 7z.<\/p>\n<p>&nbsp;<\/p>\n","protected":false},"featured_media":4403,"template":"","meta":{"_acf_changed":false,"_seopress_robots_primary_cat":"none","_seopress_titles_title":"Takskyltar av h\u00f6g kvalitet till bra priser | \u00c5tta.45 Tryckeri","_seopress_titles_desc":"Se till att kunderna h\u00f6jer blicken och hittar r\u00e4tt. Takskyltar \u00e4r bra n\u00e4r ditt budskap ska synas p\u00e5 h\u00e5ll. Stansade h\u00e5l och flexibla krokar till upph\u00e4ngning.","_seopress_robots_index":""},"product_brand":[],"product_cat":[15,110],"product_tag":[],"class_list":{"0":"post-3201","1":"product","2":"type-product","3":"status-publish","4":"has-post-thumbnail","6":"product_cat-okategoriserad","7":"product_cat-butiksmaterial","9":"first","10":"instock","11":"taxable","12":"shipping-taxable","13":"purchasable","14":"product-type-variable","15":"has-default-attributes"},"acf":[],"_links":{"self":[{"href":"https:\/\/www.atta45.se\/e-butik\/wp-json\/wp\/v2\/product\/3201","targetHints":{"allow":["GET"]}}],"collection":[{"href":"https:\/\/www.atta45.se\/e-butik\/wp-json\/wp\/v2\/product"}],"about":[{"href":"https:\/\/www.atta45.se\/e-butik\/wp-json\/wp\/v2\/types\/product"}],"wp:featuredmedia":[{"embeddable":true,"href":"https:\/\/www.atta45.se\/e-butik\/wp-json\/wp\/v2\/media\/4403"}],"wp:attachment":[{"href":"https:\/\/www.atta45.se\/e-butik\/wp-json\/wp\/v2\/media?parent=3201"}],"wp:term":[{"taxonomy":"product_brand","embeddable":true,"href":"https:\/\/www.atta45.se\/e-butik\/wp-json\/wp\/v2\/product_brand?post=3201"},{"taxonomy":"product_cat","embeddable":true,"href":"https:\/\/www.atta45.se\/e-butik\/wp-json\/wp\/v2\/product_cat?post=3201"},{"taxonomy":"product_tag","embeddable":true,"href":"https:\/\/www.atta45.se\/e-butik\/wp-json\/wp\/v2\/product_tag?post=3201"}],"curies":[{"name":"wp","href":"https:\/\/api.w.org\/{rel}","templated":true}]}}