{"id":31999,"date":"2024-12-26T17:16:20","date_gmt":"2024-12-26T16:16:20","guid":{"rendered":"https:\/\/www.atta45.se\/e-butik\/?post_type=product&#038;p=31999"},"modified":"2025-10-28T04:47:32","modified_gmt":"2025-10-28T03:47:32","slug":"sign-wind-smart-50-x-70-cm","status":"publish","type":"product","link":"https:\/\/www.atta45.se\/e-butik\/produkt\/sign-wind-smart-50-x-70-cm\/","title":{"rendered":"Gatupratare Sign Wind Smart (50 x 70 cm)"},"content":{"rendered":"<p>Marknadens b\u00e4sta fj\u00e4derst\u00e4ll med kvalitetsfj\u00e4drar och en stabil vakuumformad plasttank som fot. Fyll tanken med sand eller vatten till \u00f6nskad vikt. Hjul p\u00e5 undersidan g\u00f6r den l\u00e4tt att flytta. Sn\u00e4ppram i aluminium f\u00f6r 50 x 70 cm (vikt 12 kg) resp. 70 x 100 cm (vikt 22 kg). Levereras 1 st i kartong.<\/p>\n","protected":false},"excerpt":{"rendered":"<p>Marknadens b\u00e4sta fj\u00e4derst\u00e4ll med kvalitetsfj\u00e4drar och en stabil vakuumformad plasttank som fot. Fyll tanken med sand eller vatten till \u00f6nskad vikt. Hjul p\u00e5 undersidan g\u00f6r den l\u00e4tt att flytta. Sn\u00e4ppram i aluminium f\u00f6r 50 x 70 cm (vikt 12 kg) resp. 70 x 100 cm (vikt 22 kg). Levereras 1 st i kartong.<\/p>\n","protected":false},"featured_media":32000,"template":"","meta":{"_acf_changed":false,"_seopress_robots_primary_cat":"","_seopress_titles_title":"","_seopress_titles_desc":"","_seopress_robots_index":""},"product_brand":[],"product_cat":[15],"product_tag":[],"class_list":{"0":"post-31999","1":"product","2":"type-product","3":"status-publish","4":"has-post-thumbnail","6":"product_cat-okategoriserad","7":"atta45_taxonomy-expo-event-poster-stall-sv","9":"first","10":"instock","11":"taxable","12":"shipping-taxable","13":"purchasable","14":"product-type-variable"},"acf":[],"_links":{"self":[{"href":"https:\/\/www.atta45.se\/e-butik\/wp-json\/wp\/v2\/product\/31999","targetHints":{"allow":["GET"]}}],"collection":[{"href":"https:\/\/www.atta45.se\/e-butik\/wp-json\/wp\/v2\/product"}],"about":[{"href":"https:\/\/www.atta45.se\/e-butik\/wp-json\/wp\/v2\/types\/product"}],"wp:featuredmedia":[{"embeddable":true,"href":"https:\/\/www.atta45.se\/e-butik\/wp-json\/wp\/v2\/media\/32000"}],"wp:attachment":[{"href":"https:\/\/www.atta45.se\/e-butik\/wp-json\/wp\/v2\/media?parent=31999"}],"wp:term":[{"taxonomy":"product_brand","embeddable":true,"href":"https:\/\/www.atta45.se\/e-butik\/wp-json\/wp\/v2\/product_brand?post=31999"},{"taxonomy":"product_cat","embeddable":true,"href":"https:\/\/www.atta45.se\/e-butik\/wp-json\/wp\/v2\/product_cat?post=31999"},{"taxonomy":"product_tag","embeddable":true,"href":"https:\/\/www.atta45.se\/e-butik\/wp-json\/wp\/v2\/product_tag?post=31999"}],"curies":[{"name":"wp","href":"https:\/\/api.w.org\/{rel}","templated":true}]}}