{"id":31981,"date":"2024-12-26T17:16:11","date_gmt":"2024-12-26T16:16:11","guid":{"rendered":"https:\/\/www.atta45.se\/e-butik\/?post_type=product&#038;p=31981"},"modified":"2025-10-28T04:47:18","modified_gmt":"2025-10-28T03:47:18","slug":"sign-wind-70-x-100-cm","status":"publish","type":"product","link":"https:\/\/www.atta45.se\/e-butik\/produkt\/sign-wind-70-x-100-cm\/","title":{"rendered":"Gatupratare Sign Wind (70 x 100 cm)"},"content":{"rendered":"<p>Klassisk skylth\u00e5llare som t\u00e5l tuffa f\u00f6rh\u00e5llanden och har en l\u00e5ng livsl\u00e4ngd. F\u00f6rsedd med kraftig ryggplatta. 45 mm aluminiumram f\u00f6r 70 x 100 cm-modellen (vikt 22 kg) och 38 mm f\u00f6r 50 x 70 cm-modellen (vikt 11 kg). Levereras 1 st i kartong.<\/p>\n","protected":false},"excerpt":{"rendered":"<p>Klassisk skylth\u00e5llare som t\u00e5l tuffa f\u00f6rh\u00e5llanden och har en l\u00e5ng livsl\u00e4ngd. F\u00f6rsedd med kraftig ryggplatta. 45 mm aluminiumram f\u00f6r 70 x 100 cm-modellen (vikt 22 kg) och 38 mm f\u00f6r 50 x 70 cm-modellen (vikt 11 kg). Levereras 1 st i kartong.<\/p>\n","protected":false},"featured_media":31982,"template":"","meta":{"_acf_changed":false,"_seopress_robots_primary_cat":"","_seopress_titles_title":"","_seopress_titles_desc":"","_seopress_robots_index":""},"product_brand":[],"product_cat":[15],"product_tag":[],"class_list":{"0":"post-31981","1":"product","2":"type-product","3":"status-publish","4":"has-post-thumbnail","6":"product_cat-okategoriserad","7":"atta45_taxonomy-expo-event-poster-stall-sv","9":"first","10":"instock","11":"taxable","12":"shipping-taxable","13":"purchasable","14":"product-type-variable"},"acf":[],"_links":{"self":[{"href":"https:\/\/www.atta45.se\/e-butik\/wp-json\/wp\/v2\/product\/31981","targetHints":{"allow":["GET"]}}],"collection":[{"href":"https:\/\/www.atta45.se\/e-butik\/wp-json\/wp\/v2\/product"}],"about":[{"href":"https:\/\/www.atta45.se\/e-butik\/wp-json\/wp\/v2\/types\/product"}],"wp:featuredmedia":[{"embeddable":true,"href":"https:\/\/www.atta45.se\/e-butik\/wp-json\/wp\/v2\/media\/31982"}],"wp:attachment":[{"href":"https:\/\/www.atta45.se\/e-butik\/wp-json\/wp\/v2\/media?parent=31981"}],"wp:term":[{"taxonomy":"product_brand","embeddable":true,"href":"https:\/\/www.atta45.se\/e-butik\/wp-json\/wp\/v2\/product_brand?post=31981"},{"taxonomy":"product_cat","embeddable":true,"href":"https:\/\/www.atta45.se\/e-butik\/wp-json\/wp\/v2\/product_cat?post=31981"},{"taxonomy":"product_tag","embeddable":true,"href":"https:\/\/www.atta45.se\/e-butik\/wp-json\/wp\/v2\/product_tag?post=31981"}],"curies":[{"name":"wp","href":"https:\/\/api.w.org\/{rel}","templated":true}]}}