{"id":3198,"date":"2020-01-10T09:10:50","date_gmt":"2020-01-10T08:10:50","guid":{"rendered":"https:\/\/flipptryck.a-demo.se\/?post_type=product&#038;p=3198"},"modified":"2025-12-12T14:39:57","modified_gmt":"2025-12-12T13:39:57","slug":"skylt-med-hjartstod","status":"publish","type":"product","link":"https:\/\/www.atta45.se\/e-butik\/produkt\/skylt-med-hjartstod\/","title":{"rendered":"Skylt med hj\u00e4rtst\u00f6d"},"content":{"rendered":"","protected":false},"excerpt":{"rendered":"<p>En skylt med hj\u00e4rtst\u00f6d \u00e4r enkel att placera p\u00e5 hyllan, disken eller i skyltf\u00f6nstret. Hj\u00e4rtst\u00f6det \u00e4r lika enkel som genial. Skyltarna trycks i v\u00e5ra moderna tryckpressar p\u00e5 en tjock kartong. Vi erbjuder skyltar med hj\u00e4rtst\u00f6d i storlekarna A5, A4 och A3.<\/p>\n<p>OBS: Vi kan endast ta emot en fil per produkt. Om ni vill ladda upp fler tryckoriginal, s\u00e5 skapa en mapp som ni l\u00e4gger filerna i. Sedan komprimerar ni mappen. Vi tar emot komprimerade format s\u00e5som: zip, rar, gz och 7z.<\/p>\n","protected":false},"featured_media":4402,"template":"","meta":{"_acf_changed":false,"_seopress_robots_primary_cat":"none","_seopress_titles_title":"Skyltar med hj\u00e4rtst\u00f6d till bra priser | \u00c5tta.45 Tryckeri","_seopress_titles_desc":"En skylt med hj\u00e4rtst\u00f6d \u00e4r enkel att placera p\u00e5 hyllan, disken eller i skyltf\u00f6nstret. Skyltarna trycks i v\u00e5ra moderna tryckpressar och fodras p\u00e5 miniwell.","_seopress_robots_index":""},"product_brand":[],"product_cat":[15,110],"product_tag":[],"class_list":{"0":"post-3198","1":"product","2":"type-product","3":"status-publish","4":"has-post-thumbnail","6":"product_cat-okategoriserad","7":"product_cat-butiksmaterial","9":"first","10":"instock","11":"taxable","12":"shipping-taxable","13":"purchasable","14":"product-type-variable","15":"has-default-attributes"},"acf":[],"_links":{"self":[{"href":"https:\/\/www.atta45.se\/e-butik\/wp-json\/wp\/v2\/product\/3198","targetHints":{"allow":["GET"]}}],"collection":[{"href":"https:\/\/www.atta45.se\/e-butik\/wp-json\/wp\/v2\/product"}],"about":[{"href":"https:\/\/www.atta45.se\/e-butik\/wp-json\/wp\/v2\/types\/product"}],"wp:featuredmedia":[{"embeddable":true,"href":"https:\/\/www.atta45.se\/e-butik\/wp-json\/wp\/v2\/media\/4402"}],"wp:attachment":[{"href":"https:\/\/www.atta45.se\/e-butik\/wp-json\/wp\/v2\/media?parent=3198"}],"wp:term":[{"taxonomy":"product_brand","embeddable":true,"href":"https:\/\/www.atta45.se\/e-butik\/wp-json\/wp\/v2\/product_brand?post=3198"},{"taxonomy":"product_cat","embeddable":true,"href":"https:\/\/www.atta45.se\/e-butik\/wp-json\/wp\/v2\/product_cat?post=3198"},{"taxonomy":"product_tag","embeddable":true,"href":"https:\/\/www.atta45.se\/e-butik\/wp-json\/wp\/v2\/product_tag?post=3198"}],"curies":[{"name":"wp","href":"https:\/\/api.w.org\/{rel}","templated":true}]}}