{"id":31951,"date":"2024-12-26T17:15:52","date_gmt":"2024-12-26T16:15:52","guid":{"rendered":"https:\/\/www.atta45.se\/e-butik\/?post_type=product&#038;p=31951"},"modified":"2025-10-28T04:46:44","modified_gmt":"2025-10-28T03:46:44","slug":"sign-alu-stand-50-x-70-cm","status":"publish","type":"product","link":"https:\/\/www.atta45.se\/e-butik\/produkt\/sign-alu-stand-50-x-70-cm\/","title":{"rendered":"Gatupratare Sign Alu stand (50 x 70 cm)"},"content":{"rendered":"<p>En trottoarskylt helt i aluminium. Underh\u00e5llsfritt och l\u00e5ng livsl\u00e4ngd.  F\u00f6rsett med 32 mm clipsramar s\u00e5 att det \u00e4r enkelt att byta budskap, och h\u00e5ller dom p\u00e5 plats. Standardstorlekar \u00e4r 50 x 70 cm vikt 7 kg och 70 x 100 cm vikt 10 kg.  Levereras 1 st i kartong.<\/p>\n","protected":false},"excerpt":{"rendered":"<p>En trottoarskylt helt i aluminium. Underh\u00e5llsfritt och l\u00e5ng livsl\u00e4ngd. F\u00f6rsett med 32 mm clipsramar s\u00e5 att det \u00e4r enkelt att byta budskap, och h\u00e5ller dom p\u00e5 plats. Standardstorlekar \u00e4r 50 x 70 cm vikt 7 kg och 70 x 100 cm vikt 10 kg. Levereras 1 st i kartong.<\/p>\n","protected":false},"featured_media":31952,"template":"","meta":{"_acf_changed":false,"_seopress_robots_primary_cat":"","_seopress_titles_title":"","_seopress_titles_desc":"","_seopress_robots_index":""},"product_brand":[],"product_cat":[15],"product_tag":[],"class_list":{"0":"post-31951","1":"product","2":"type-product","3":"status-publish","4":"has-post-thumbnail","6":"product_cat-okategoriserad","7":"atta45_taxonomy-expo-event-poster-stall-sv","9":"first","10":"instock","11":"taxable","12":"shipping-taxable","13":"purchasable","14":"product-type-variable"},"acf":[],"_links":{"self":[{"href":"https:\/\/www.atta45.se\/e-butik\/wp-json\/wp\/v2\/product\/31951","targetHints":{"allow":["GET"]}}],"collection":[{"href":"https:\/\/www.atta45.se\/e-butik\/wp-json\/wp\/v2\/product"}],"about":[{"href":"https:\/\/www.atta45.se\/e-butik\/wp-json\/wp\/v2\/types\/product"}],"wp:featuredmedia":[{"embeddable":true,"href":"https:\/\/www.atta45.se\/e-butik\/wp-json\/wp\/v2\/media\/31952"}],"wp:attachment":[{"href":"https:\/\/www.atta45.se\/e-butik\/wp-json\/wp\/v2\/media?parent=31951"}],"wp:term":[{"taxonomy":"product_brand","embeddable":true,"href":"https:\/\/www.atta45.se\/e-butik\/wp-json\/wp\/v2\/product_brand?post=31951"},{"taxonomy":"product_cat","embeddable":true,"href":"https:\/\/www.atta45.se\/e-butik\/wp-json\/wp\/v2\/product_cat?post=31951"},{"taxonomy":"product_tag","embeddable":true,"href":"https:\/\/www.atta45.se\/e-butik\/wp-json\/wp\/v2\/product_tag?post=31951"}],"curies":[{"name":"wp","href":"https:\/\/api.w.org\/{rel}","templated":true}]}}