{"id":31933,"date":"2024-12-26T17:15:43","date_gmt":"2024-12-26T16:15:43","guid":{"rendered":"https:\/\/www.atta45.se\/e-butik\/?post_type=product&#038;p=31933"},"modified":"2025-10-28T04:46:32","modified_gmt":"2025-10-28T03:46:32","slug":"sign-delux-70-x-100-cm","status":"publish","type":"product","link":"https:\/\/www.atta45.se\/e-butik\/produkt\/sign-delux-70-x-100-cm\/","title":{"rendered":"Gatupratare Sign Delux (70 x 100 cm)"},"content":{"rendered":"<p>Top of the line vad g\u00e4ller de s\u00e5 kallade Trottoar-st\u00e4llen. Stabil st\u00e5lr\u00f6rram som g\u00f6r det extra stabilt. F\u00f6rsett med aluminium clips\/sn\u00e4pp ramar s\u00e5 att det \u00e4r enkelt att byta budskap, och h\u00e5ller dom p\u00e5 plats. Standardstorlekar \u00e4r 50 x 70 cm vikt 11 kg och 70 x 100 cm vikt 22 kg. Logoskylten \u00e4r vit och ramen finns i olika f\u00e4rger. M\u00f6jlighet f\u00f6r logotype p\u00e5 ett stilrent s\u00e4tt. kontakta oss f\u00f6r tryck. Levereras 1 st i kartong.<\/p>\n","protected":false},"excerpt":{"rendered":"<p>Top of the line vad g\u00e4ller de s\u00e5 kallade Trottoar-st\u00e4llen. Stabil st\u00e5lr\u00f6rram som g\u00f6r det extra stabilt. F\u00f6rsett med aluminium clips\/sn\u00e4pp ramar s\u00e5 att det \u00e4r enkelt att byta budskap, och h\u00e5ller dom p\u00e5 plats. Standardstorlekar \u00e4r 50 x 70 cm vikt 11 kg och 70 x 100 cm vikt 22 kg. Logoskylten \u00e4r vit [&hellip;]<\/p>\n","protected":false},"featured_media":31934,"template":"","meta":{"_acf_changed":false,"_seopress_robots_primary_cat":"","_seopress_titles_title":"","_seopress_titles_desc":"","_seopress_robots_index":""},"product_brand":[],"product_cat":[15],"product_tag":[],"class_list":{"0":"post-31933","1":"product","2":"type-product","3":"status-publish","4":"has-post-thumbnail","6":"product_cat-okategoriserad","7":"atta45_taxonomy-expo-event-poster-stall-sv","9":"first","10":"instock","11":"taxable","12":"shipping-taxable","13":"purchasable","14":"product-type-variable"},"acf":[],"_links":{"self":[{"href":"https:\/\/www.atta45.se\/e-butik\/wp-json\/wp\/v2\/product\/31933","targetHints":{"allow":["GET"]}}],"collection":[{"href":"https:\/\/www.atta45.se\/e-butik\/wp-json\/wp\/v2\/product"}],"about":[{"href":"https:\/\/www.atta45.se\/e-butik\/wp-json\/wp\/v2\/types\/product"}],"wp:featuredmedia":[{"embeddable":true,"href":"https:\/\/www.atta45.se\/e-butik\/wp-json\/wp\/v2\/media\/31934"}],"wp:attachment":[{"href":"https:\/\/www.atta45.se\/e-butik\/wp-json\/wp\/v2\/media?parent=31933"}],"wp:term":[{"taxonomy":"product_brand","embeddable":true,"href":"https:\/\/www.atta45.se\/e-butik\/wp-json\/wp\/v2\/product_brand?post=31933"},{"taxonomy":"product_cat","embeddable":true,"href":"https:\/\/www.atta45.se\/e-butik\/wp-json\/wp\/v2\/product_cat?post=31933"},{"taxonomy":"product_tag","embeddable":true,"href":"https:\/\/www.atta45.se\/e-butik\/wp-json\/wp\/v2\/product_tag?post=31933"}],"curies":[{"name":"wp","href":"https:\/\/api.w.org\/{rel}","templated":true}]}}