{"id":31897,"date":"2024-12-26T17:15:26","date_gmt":"2024-12-26T16:15:26","guid":{"rendered":"https:\/\/www.atta45.se\/e-butik\/?post_type=product&#038;p=31897"},"modified":"2025-10-28T04:46:04","modified_gmt":"2025-10-28T03:46:04","slug":"sign-easy-70-x-100-cm","status":"publish","type":"product","link":"https:\/\/www.atta45.se\/e-butik\/produkt\/sign-easy-70-x-100-cm\/","title":{"rendered":"Gatupratare Sign Easy (70 x 100 cm)"},"content":{"rendered":"<p>L\u00e4tt att s\u00e4tta upp och anv\u00e4nda med hj\u00e4lp av den genomskinliga akrylglaset med magnetlist. Tillverkad i 1,25 mm st\u00e5l och 25 mm lackerat st\u00e5lr\u00f6r. Standardstorlekar 50 x70 cm vikt 10 kg och 70 x 100 cm vikt 20 kg.  Levereras 1 st i kartong.<\/p>\n","protected":false},"excerpt":{"rendered":"<p>L\u00e4tt att s\u00e4tta upp och anv\u00e4nda med hj\u00e4lp av den genomskinliga akrylglaset med magnetlist. Tillverkad i 1,25 mm st\u00e5l och 25 mm lackerat st\u00e5lr\u00f6r. Standardstorlekar 50 x70 cm vikt 10 kg och 70 x 100 cm vikt 20 kg. Levereras 1 st i kartong.<\/p>\n","protected":false},"featured_media":31898,"template":"","meta":{"_acf_changed":false,"_seopress_robots_primary_cat":"","_seopress_titles_title":"","_seopress_titles_desc":"","_seopress_robots_index":""},"product_brand":[],"product_cat":[15],"product_tag":[],"class_list":{"0":"post-31897","1":"product","2":"type-product","3":"status-publish","4":"has-post-thumbnail","6":"product_cat-okategoriserad","7":"atta45_taxonomy-expo-event-poster-stall-sv","9":"first","10":"instock","11":"taxable","12":"shipping-taxable","13":"purchasable","14":"product-type-variable"},"acf":[],"_links":{"self":[{"href":"https:\/\/www.atta45.se\/e-butik\/wp-json\/wp\/v2\/product\/31897","targetHints":{"allow":["GET"]}}],"collection":[{"href":"https:\/\/www.atta45.se\/e-butik\/wp-json\/wp\/v2\/product"}],"about":[{"href":"https:\/\/www.atta45.se\/e-butik\/wp-json\/wp\/v2\/types\/product"}],"wp:featuredmedia":[{"embeddable":true,"href":"https:\/\/www.atta45.se\/e-butik\/wp-json\/wp\/v2\/media\/31898"}],"wp:attachment":[{"href":"https:\/\/www.atta45.se\/e-butik\/wp-json\/wp\/v2\/media?parent=31897"}],"wp:term":[{"taxonomy":"product_brand","embeddable":true,"href":"https:\/\/www.atta45.se\/e-butik\/wp-json\/wp\/v2\/product_brand?post=31897"},{"taxonomy":"product_cat","embeddable":true,"href":"https:\/\/www.atta45.se\/e-butik\/wp-json\/wp\/v2\/product_cat?post=31897"},{"taxonomy":"product_tag","embeddable":true,"href":"https:\/\/www.atta45.se\/e-butik\/wp-json\/wp\/v2\/product_tag?post=31897"}],"curies":[{"name":"wp","href":"https:\/\/api.w.org\/{rel}","templated":true}]}}