{"id":3188,"date":"2020-01-09T15:28:07","date_gmt":"2020-01-09T14:28:07","guid":{"rendered":"https:\/\/flipptryck.a-demo.se\/?post_type=product&#038;p=3188"},"modified":"2025-12-12T14:42:03","modified_gmt":"2025-12-12T13:42:03","slug":"rollup","status":"publish","type":"product","link":"https:\/\/www.atta45.se\/e-butik\/produkt\/rollup\/","title":{"rendered":"Rollup"},"content":{"rendered":"","protected":false},"excerpt":{"rendered":"<p class=\"small-12 medium-6 large-6 columns\">Vi erbjuder och kan trycka rollup i tre olika versioner f\u00f6r olika behov av kvalitet. Den billigaste rollup vi erbjuder kallar vi \u201dStandard\u201d. Den \u00e4r 85 cm bred och 200 cm h\u00f6g. V\u00e5r popul\u00e4ra rollup \u201dPremium\u201d \u00e4r tillverkad med stabil konstruktion och \u00e4r n\u00e5got st\u00f6rre, 85 cm bred och 215 cm p\u00e5 h\u00f6jden.<\/p>\n<p class=\"small-12 medium-6 large-6 columns\">Den mest stabila rollupen vi erbjuder heter \u201dExklusive\u201d och \u00e4r tillverkad f\u00f6r att h\u00e5lla l\u00e4nge med bibeh\u00e5llen funktion. \u201dExklusive\u201d \u00e4r n\u00e5got dyrare men tvekl\u00f6st vinnaren i det l\u00e5nga loppet. Den har m\u00e5tten 85 cm bred och 215 cm p\u00e5 h\u00f6jden.<\/p>\n<p>OBS: Vi kan endast ta emot en fil per produkt. Om ni vill ladda upp fler tryckoriginal, s\u00e5 skapa en mapp som ni l\u00e4gger filerna i. Sedan komprimerar ni mappen. Vi tar emot komprimerade format s\u00e5som: zip, rar, gz och 7z.<\/p>\n<p>&nbsp;<\/p>\n","protected":false},"featured_media":9470,"template":"","meta":{"_acf_changed":false,"_seopress_robots_primary_cat":"none","_seopress_titles_title":"Best\u00e4ll Rollups till bra priser | \u00c5tta.45 Tryckeri","_seopress_titles_desc":"Kommunicera p\u00e5 ett smidigt s\u00e4tt. Rollups \u00e4r en klassiker p\u00e5 m\u00e4ssan, i butiker, vid presentationer mm. T\u00e5l att f\u00e4llas upp och rullas ihop m\u00e5nga g\u00e5nger.","_seopress_robots_index":""},"product_brand":[],"product_cat":[15,111,98],"product_tag":[],"class_list":{"0":"post-3188","1":"product","2":"type-product","3":"status-publish","4":"has-post-thumbnail","6":"product_cat-okategoriserad","7":"product_cat-massa","8":"product_cat-trycksaker","10":"first","11":"instock","12":"taxable","13":"shipping-taxable","14":"purchasable","15":"product-type-variable","16":"has-default-attributes"},"acf":[],"_links":{"self":[{"href":"https:\/\/www.atta45.se\/e-butik\/wp-json\/wp\/v2\/product\/3188","targetHints":{"allow":["GET"]}}],"collection":[{"href":"https:\/\/www.atta45.se\/e-butik\/wp-json\/wp\/v2\/product"}],"about":[{"href":"https:\/\/www.atta45.se\/e-butik\/wp-json\/wp\/v2\/types\/product"}],"wp:featuredmedia":[{"embeddable":true,"href":"https:\/\/www.atta45.se\/e-butik\/wp-json\/wp\/v2\/media\/9470"}],"wp:attachment":[{"href":"https:\/\/www.atta45.se\/e-butik\/wp-json\/wp\/v2\/media?parent=3188"}],"wp:term":[{"taxonomy":"product_brand","embeddable":true,"href":"https:\/\/www.atta45.se\/e-butik\/wp-json\/wp\/v2\/product_brand?post=3188"},{"taxonomy":"product_cat","embeddable":true,"href":"https:\/\/www.atta45.se\/e-butik\/wp-json\/wp\/v2\/product_cat?post=3188"},{"taxonomy":"product_tag","embeddable":true,"href":"https:\/\/www.atta45.se\/e-butik\/wp-json\/wp\/v2\/product_tag?post=3188"}],"curies":[{"name":"wp","href":"https:\/\/api.w.org\/{rel}","templated":true}]}}