{"id":31861,"date":"2024-12-26T17:15:07","date_gmt":"2024-12-26T16:15:07","guid":{"rendered":"https:\/\/www.atta45.se\/e-butik\/?post_type=product&#038;p=31861"},"modified":"2025-10-28T04:45:35","modified_gmt":"2025-10-28T03:45:35","slug":"sign-top-70-x-100-cm","status":"publish","type":"product","link":"https:\/\/www.atta45.se\/e-butik\/produkt\/sign-top-70-x-100-cm\/","title":{"rendered":"Gatupratare Sign Top (70 x 100 cm)"},"content":{"rendered":"<p>Den popul\u00e4raste trottoarskylten med en praktisk toppskylt f\u00f6r er logo. Akrylf\u00f6nster med magnetlist s\u00e5 att ni enkelt kan byta budskap. Affischm\u00e5tt 70 x 100 cm Vikt 22 kg \u00d825 mm r\u00f6rprofil. Tryckyta halvm\u00e5ne ca 70&#215;35 cm, tryck kostnad kontakta oss. Levereras 1 st i kartong.<\/p>\n","protected":false},"excerpt":{"rendered":"<p>Den popul\u00e4raste trottoarskylten med en praktisk toppskylt f\u00f6r er logo. Akrylf\u00f6nster med magnetlist s\u00e5 att ni enkelt kan byta budskap. Affischm\u00e5tt 70 x 100 cm Vikt 22 kg \u00d825 mm r\u00f6rprofil. Tryckyta halvm\u00e5ne ca 70&#215;35 cm, tryck kostnad kontakta oss. Levereras 1 st i kartong.<\/p>\n","protected":false},"featured_media":31862,"template":"","meta":{"_acf_changed":false,"_seopress_robots_primary_cat":"","_seopress_titles_title":"","_seopress_titles_desc":"","_seopress_robots_index":""},"product_brand":[],"product_cat":[15],"product_tag":[],"class_list":{"0":"post-31861","1":"product","2":"type-product","3":"status-publish","4":"has-post-thumbnail","6":"product_cat-okategoriserad","7":"atta45_taxonomy-expo-event-poster-stall-sv","9":"first","10":"instock","11":"taxable","12":"shipping-taxable","13":"purchasable","14":"product-type-variable"},"acf":[],"_links":{"self":[{"href":"https:\/\/www.atta45.se\/e-butik\/wp-json\/wp\/v2\/product\/31861","targetHints":{"allow":["GET"]}}],"collection":[{"href":"https:\/\/www.atta45.se\/e-butik\/wp-json\/wp\/v2\/product"}],"about":[{"href":"https:\/\/www.atta45.se\/e-butik\/wp-json\/wp\/v2\/types\/product"}],"wp:featuredmedia":[{"embeddable":true,"href":"https:\/\/www.atta45.se\/e-butik\/wp-json\/wp\/v2\/media\/31862"}],"wp:attachment":[{"href":"https:\/\/www.atta45.se\/e-butik\/wp-json\/wp\/v2\/media?parent=31861"}],"wp:term":[{"taxonomy":"product_brand","embeddable":true,"href":"https:\/\/www.atta45.se\/e-butik\/wp-json\/wp\/v2\/product_brand?post=31861"},{"taxonomy":"product_cat","embeddable":true,"href":"https:\/\/www.atta45.se\/e-butik\/wp-json\/wp\/v2\/product_cat?post=31861"},{"taxonomy":"product_tag","embeddable":true,"href":"https:\/\/www.atta45.se\/e-butik\/wp-json\/wp\/v2\/product_tag?post=31861"}],"curies":[{"name":"wp","href":"https:\/\/api.w.org\/{rel}","templated":true}]}}