{"id":318399,"date":"2025-04-17T23:26:14","date_gmt":"2025-04-17T21:26:14","guid":{"rendered":"https:\/\/www.atta45.se\/e-butik\/produkt\/perfect-lsl-men-mens-long-sleeve-pique-polo-shirt\/"},"modified":"2025-10-28T01:25:35","modified_gmt":"2025-10-28T00:25:35","slug":"perfect-lsl-men-mens-long-sleeve-pique-polo-shirt","status":"publish","type":"product","link":"https:\/\/www.atta45.se\/e-butik\/produkt\/perfect-lsl-men-mens-long-sleeve-pique-polo-shirt\/","title":{"rendered":"Pik\u00e9tr\u00f6ja, l\u00e5ng\u00e4rmad, herr (PERFEKT LSL MEN)"},"content":{"rendered":"<p>MEN&#8217;S LONG SLEEVE PIQU\u00c9 POLO SHIRT (PERFECT LSL MEN)<\/p>\n<p>100% combed cotton<br \/>1&#215;1 rib collar and cuffs<br \/>Long sleeves<br \/>2-button placket<br \/>Tape inside collar<br \/>PIQU\u00c9 180<br \/>Available in: S &#8211; 4XL<\/p>\n","protected":false},"excerpt":{"rendered":"<p>MEN&#8217;S LONG SLEEVE PIQU\u00c9 POLO SHIRT (PERFECT LSL MEN) 100% combed cotton1&#215;1 rib collar and cuffsLong sleeves2-button placketTape inside collarPIQU\u00c9 180Available in: S &#8211; 4XL<\/p>\n","protected":false},"featured_media":318400,"template":"","meta":{"_acf_changed":false,"_seopress_robots_primary_cat":"","_seopress_titles_title":"","_seopress_titles_desc":"","_seopress_robots_index":""},"product_brand":[],"product_cat":[15],"product_tag":[],"class_list":{"0":"post-318399","1":"product","2":"type-product","3":"status-publish","4":"has-post-thumbnail","6":"product_cat-okategoriserad","7":"atta45_taxonomy-textil-piketrojor-tennistrojor-sv","9":"first","10":"instock","11":"taxable","12":"shipping-taxable","13":"purchasable","14":"product-type-variable"},"acf":[],"_links":{"self":[{"href":"https:\/\/www.atta45.se\/e-butik\/wp-json\/wp\/v2\/product\/318399","targetHints":{"allow":["GET"]}}],"collection":[{"href":"https:\/\/www.atta45.se\/e-butik\/wp-json\/wp\/v2\/product"}],"about":[{"href":"https:\/\/www.atta45.se\/e-butik\/wp-json\/wp\/v2\/types\/product"}],"wp:featuredmedia":[{"embeddable":true,"href":"https:\/\/www.atta45.se\/e-butik\/wp-json\/wp\/v2\/media\/318400"}],"wp:attachment":[{"href":"https:\/\/www.atta45.se\/e-butik\/wp-json\/wp\/v2\/media?parent=318399"}],"wp:term":[{"taxonomy":"product_brand","embeddable":true,"href":"https:\/\/www.atta45.se\/e-butik\/wp-json\/wp\/v2\/product_brand?post=318399"},{"taxonomy":"product_cat","embeddable":true,"href":"https:\/\/www.atta45.se\/e-butik\/wp-json\/wp\/v2\/product_cat?post=318399"},{"taxonomy":"product_tag","embeddable":true,"href":"https:\/\/www.atta45.se\/e-butik\/wp-json\/wp\/v2\/product_tag?post=318399"}],"curies":[{"name":"wp","href":"https:\/\/api.w.org\/{rel}","templated":true}]}}