{"id":31831,"date":"2024-12-26T17:14:47","date_gmt":"2024-12-26T16:14:47","guid":{"rendered":"https:\/\/www.atta45.se\/e-butik\/?post_type=product&#038;p=31831"},"modified":"2025-10-28T04:34:44","modified_gmt":"2025-10-28T03:34:44","slug":"tygvagg-u-formad","status":"publish","type":"product","link":"https:\/\/www.atta45.se\/e-butik\/produkt\/tygvagg-u-formad\/","title":{"rendered":"M\u00e4ssv\u00e4gg, Softwall U-formad"},"content":{"rendered":"<p>U-formad tygv\u00e4gg i strechpolyester, storlek 275&#215;228 cm. Tyget tr\u00e4s \u00f6ver aluminiumramen och st\u00e4ngs med ett blixtl\u00e5s.Vikt endast 5,8 kg.  Levereras i en svart nylonv\u00e4ska.<\/p>\n","protected":false},"excerpt":{"rendered":"<p>U-formad tygv\u00e4gg i strechpolyester, storlek 275&#215;228 cm. Tyget tr\u00e4s \u00f6ver aluminiumramen och st\u00e4ngs med ett blixtl\u00e5s.Vikt endast 5,8 kg. Levereras i en svart nylonv\u00e4ska.<\/p>\n","protected":false},"featured_media":31832,"template":"","meta":{"_acf_changed":false,"_seopress_robots_primary_cat":"","_seopress_titles_title":"","_seopress_titles_desc":"","_seopress_robots_index":""},"product_brand":[],"product_cat":[15],"product_tag":[],"class_list":{"0":"post-31831","1":"product","2":"type-product","3":"status-publish","4":"has-post-thumbnail","6":"product_cat-okategoriserad","7":"atta45_taxonomy-expo-event-popup-displayer-sv","8":"atta45_taxonomy-expo-event-popup-massvaggar-sv","10":"first","11":"instock","12":"taxable","13":"shipping-taxable","14":"purchasable","15":"product-type-variable"},"acf":[],"_links":{"self":[{"href":"https:\/\/www.atta45.se\/e-butik\/wp-json\/wp\/v2\/product\/31831","targetHints":{"allow":["GET"]}}],"collection":[{"href":"https:\/\/www.atta45.se\/e-butik\/wp-json\/wp\/v2\/product"}],"about":[{"href":"https:\/\/www.atta45.se\/e-butik\/wp-json\/wp\/v2\/types\/product"}],"wp:featuredmedia":[{"embeddable":true,"href":"https:\/\/www.atta45.se\/e-butik\/wp-json\/wp\/v2\/media\/31832"}],"wp:attachment":[{"href":"https:\/\/www.atta45.se\/e-butik\/wp-json\/wp\/v2\/media?parent=31831"}],"wp:term":[{"taxonomy":"product_brand","embeddable":true,"href":"https:\/\/www.atta45.se\/e-butik\/wp-json\/wp\/v2\/product_brand?post=31831"},{"taxonomy":"product_cat","embeddable":true,"href":"https:\/\/www.atta45.se\/e-butik\/wp-json\/wp\/v2\/product_cat?post=31831"},{"taxonomy":"product_tag","embeddable":true,"href":"https:\/\/www.atta45.se\/e-butik\/wp-json\/wp\/v2\/product_tag?post=31831"}],"curies":[{"name":"wp","href":"https:\/\/api.w.org\/{rel}","templated":true}]}}