{"id":3182,"date":"2020-01-09T15:18:28","date_gmt":"2020-01-09T14:18:28","guid":{"rendered":"https:\/\/flipptryck.a-demo.se\/?post_type=product&#038;p=3182"},"modified":"2025-12-12T14:54:25","modified_gmt":"2025-12-12T13:54:25","slug":"larmbage","status":"publish","type":"product","link":"https:\/\/www.atta45.se\/e-butik\/produkt\/larmbage\/","title":{"rendered":"Larmb\u00e5ge"},"content":{"rendered":"","protected":false},"excerpt":{"rendered":"<p>Om du har larmb\u00e5gar vid entr\u00e9n s\u00e5 ger det dig en m\u00f6jlighet att synas och dra in kunder i butiken. Utnyttja denna plats till dina kampanjer. Larmb\u00e5gar kommer i en m\u00e4ngd olika utf\u00f6randen och m\u00e5tt. V\u00e5r l\u00f6sning f\u00f6r att trycka larmb\u00e5gereklam passar de flesta system. De \u00e4r tryckta i h\u00f6gsta kvalitet p\u00e5 kartong. Konstruktionen \u00e4r f\u00f6rlimmad och du beh\u00f6ver bara enkelt veckla upp dom och s\u00e4tta dom p\u00e5 plats.<\/p>\n<p>OBS: Vi kan endast ta emot en fil per produkt. Om ni vill ladda upp fler tryckoriginal, s\u00e5 skapa en mapp som ni l\u00e4gger filerna i. Sedan komprimerar ni mappen. Vi tar emot komprimerade format s\u00e5som: zip, rar, gz och 7z.<\/p>\n","protected":false},"featured_media":4398,"template":"","meta":{"_acf_changed":false,"_seopress_robots_primary_cat":"none","_seopress_titles_title":"Vi trycker larmb\u00e5gereklam till bra priser | \u00c5tta.45 Tryckeri","_seopress_titles_desc":"Larmb\u00e5gar vid entr\u00e9n s\u00e5 ger det dig en m\u00f6jlighet att synas och dra in kunder i butiken. Vi tillverkar larmb\u00e5gereklam i h\u00f6gsta kvalitet av kartong.","_seopress_robots_index":""},"product_brand":[],"product_cat":[15,110],"product_tag":[],"class_list":{"0":"post-3182","1":"product","2":"type-product","3":"status-publish","4":"has-post-thumbnail","6":"product_cat-okategoriserad","7":"product_cat-butiksmaterial","9":"first","10":"instock","11":"taxable","12":"shipping-taxable","13":"purchasable","14":"product-type-variable","15":"has-default-attributes"},"acf":[],"_links":{"self":[{"href":"https:\/\/www.atta45.se\/e-butik\/wp-json\/wp\/v2\/product\/3182","targetHints":{"allow":["GET"]}}],"collection":[{"href":"https:\/\/www.atta45.se\/e-butik\/wp-json\/wp\/v2\/product"}],"about":[{"href":"https:\/\/www.atta45.se\/e-butik\/wp-json\/wp\/v2\/types\/product"}],"wp:featuredmedia":[{"embeddable":true,"href":"https:\/\/www.atta45.se\/e-butik\/wp-json\/wp\/v2\/media\/4398"}],"wp:attachment":[{"href":"https:\/\/www.atta45.se\/e-butik\/wp-json\/wp\/v2\/media?parent=3182"}],"wp:term":[{"taxonomy":"product_brand","embeddable":true,"href":"https:\/\/www.atta45.se\/e-butik\/wp-json\/wp\/v2\/product_brand?post=3182"},{"taxonomy":"product_cat","embeddable":true,"href":"https:\/\/www.atta45.se\/e-butik\/wp-json\/wp\/v2\/product_cat?post=3182"},{"taxonomy":"product_tag","embeddable":true,"href":"https:\/\/www.atta45.se\/e-butik\/wp-json\/wp\/v2\/product_tag?post=3182"}],"curies":[{"name":"wp","href":"https:\/\/api.w.org\/{rel}","templated":true}]}}