{"id":317732,"date":"2025-04-17T23:02:14","date_gmt":"2025-04-17T21:02:14","guid":{"rendered":"https:\/\/www.atta45.se\/e-butik\/produkt\/perfect-lsl-women-womens-long-sleeve-pique-polo-shirt\/"},"modified":"2025-10-28T01:24:53","modified_gmt":"2025-10-28T00:24:53","slug":"perfect-lsl-women-womens-long-sleeve-pique-polo-shirt","status":"publish","type":"product","link":"https:\/\/www.atta45.se\/e-butik\/produkt\/perfect-lsl-women-womens-long-sleeve-pique-polo-shirt\/","title":{"rendered":"Pik\u00e9tr\u00f6ja, l\u00e5ng\u00e4rmad, dam, (PERFEKT LSL-WOMAN)"},"content":{"rendered":"<p>WOMEN&#8217;S LONG SLEEVE PIQU\u00c9 POLO SHIRT (PERFECT LSL WOMEN)<\/p>\n<p>100% combed cotton<br \/>1&#215;1 rib collar<br \/>Long sleeves<br \/>3-button placket<br \/>Fitted cut<br \/>Tape inside collar<br \/>PIQU\u00c9 180<br \/>Available in: S &#8211; 3XL<\/p>\n","protected":false},"excerpt":{"rendered":"<p>WOMEN&#8217;S LONG SLEEVE PIQU\u00c9 POLO SHIRT (PERFECT LSL WOMEN) 100% combed cotton1&#215;1 rib collarLong sleeves3-button placketFitted cutTape inside collarPIQU\u00c9 180Available in: S &#8211; 3XL<\/p>\n","protected":false},"featured_media":317733,"template":"","meta":{"_acf_changed":false,"_seopress_robots_primary_cat":"","_seopress_titles_title":"","_seopress_titles_desc":"","_seopress_robots_index":""},"product_brand":[],"product_cat":[15],"product_tag":[],"class_list":{"0":"post-317732","1":"product","2":"type-product","3":"status-publish","4":"has-post-thumbnail","6":"product_cat-okategoriserad","7":"atta45_taxonomy-textil-piketrojor-tennistrojor-sv","9":"first","10":"instock","11":"taxable","12":"shipping-taxable","13":"purchasable","14":"product-type-variable"},"acf":[],"_links":{"self":[{"href":"https:\/\/www.atta45.se\/e-butik\/wp-json\/wp\/v2\/product\/317732","targetHints":{"allow":["GET"]}}],"collection":[{"href":"https:\/\/www.atta45.se\/e-butik\/wp-json\/wp\/v2\/product"}],"about":[{"href":"https:\/\/www.atta45.se\/e-butik\/wp-json\/wp\/v2\/types\/product"}],"wp:featuredmedia":[{"embeddable":true,"href":"https:\/\/www.atta45.se\/e-butik\/wp-json\/wp\/v2\/media\/317733"}],"wp:attachment":[{"href":"https:\/\/www.atta45.se\/e-butik\/wp-json\/wp\/v2\/media?parent=317732"}],"wp:term":[{"taxonomy":"product_brand","embeddable":true,"href":"https:\/\/www.atta45.se\/e-butik\/wp-json\/wp\/v2\/product_brand?post=317732"},{"taxonomy":"product_cat","embeddable":true,"href":"https:\/\/www.atta45.se\/e-butik\/wp-json\/wp\/v2\/product_cat?post=317732"},{"taxonomy":"product_tag","embeddable":true,"href":"https:\/\/www.atta45.se\/e-butik\/wp-json\/wp\/v2\/product_tag?post=317732"}],"curies":[{"name":"wp","href":"https:\/\/api.w.org\/{rel}","templated":true}]}}