{"id":31751,"date":"2024-12-26T17:13:35","date_gmt":"2024-12-26T16:13:35","guid":{"rendered":"https:\/\/www.atta45.se\/e-butik\/?post_type=product&#038;p=31751"},"modified":"2025-10-28T04:31:01","modified_gmt":"2025-10-28T03:31:01","slug":"tygvagg-vagformad-300x228-cm","status":"publish","type":"product","link":"https:\/\/www.atta45.se\/e-butik\/produkt\/tygvagg-vagformad-300x228-cm\/","title":{"rendered":"M\u00e4ssv\u00e4gg, Softwall V\u00e5gformad (300&#215;228 cm)"},"content":{"rendered":"<p>V\u00e5gformad tygv\u00e4gg  300&#215;228 cm. En tunn men elegant v\u00e4gg. Tyget dras \u00f6ver aluminium ramen och st\u00e4ngs med en dragkedja, v\u00e4ger bara 5,2 kg. Packas i en svart b\u00e4rbag.<\/p>\n","protected":false},"excerpt":{"rendered":"<p>V\u00e5gformad tygv\u00e4gg 300&#215;228 cm. En tunn men elegant v\u00e4gg. Tyget dras \u00f6ver aluminium ramen och st\u00e4ngs med en dragkedja, v\u00e4ger bara 5,2 kg. Packas i en svart b\u00e4rbag.<\/p>\n","protected":false},"featured_media":0,"template":"","meta":{"_acf_changed":false,"_seopress_robots_primary_cat":"","_seopress_titles_title":"","_seopress_titles_desc":"","_seopress_robots_index":""},"product_brand":[],"product_cat":[15],"product_tag":[],"class_list":{"0":"post-31751","1":"product","2":"type-product","3":"status-publish","5":"product_cat-okategoriserad","6":"atta45_taxonomy-expo-event-popup-displayer-sv","7":"atta45_taxonomy-expo-event-popup-massvaggar-sv","9":"first","10":"instock","11":"taxable","12":"shipping-taxable","13":"purchasable","14":"product-type-variable"},"acf":[],"_links":{"self":[{"href":"https:\/\/www.atta45.se\/e-butik\/wp-json\/wp\/v2\/product\/31751","targetHints":{"allow":["GET"]}}],"collection":[{"href":"https:\/\/www.atta45.se\/e-butik\/wp-json\/wp\/v2\/product"}],"about":[{"href":"https:\/\/www.atta45.se\/e-butik\/wp-json\/wp\/v2\/types\/product"}],"wp:attachment":[{"href":"https:\/\/www.atta45.se\/e-butik\/wp-json\/wp\/v2\/media?parent=31751"}],"wp:term":[{"taxonomy":"product_brand","embeddable":true,"href":"https:\/\/www.atta45.se\/e-butik\/wp-json\/wp\/v2\/product_brand?post=31751"},{"taxonomy":"product_cat","embeddable":true,"href":"https:\/\/www.atta45.se\/e-butik\/wp-json\/wp\/v2\/product_cat?post=31751"},{"taxonomy":"product_tag","embeddable":true,"href":"https:\/\/www.atta45.se\/e-butik\/wp-json\/wp\/v2\/product_tag?post=31751"}],"curies":[{"name":"wp","href":"https:\/\/api.w.org\/{rel}","templated":true}]}}