{"id":31691,"date":"2024-12-26T17:12:50","date_gmt":"2024-12-26T16:12:50","guid":{"rendered":"https:\/\/www.atta45.se\/e-butik\/?post_type=product&#038;p=31691"},"modified":"2025-10-28T04:28:54","modified_gmt":"2025-10-28T03:28:54","slug":"tygvagg-rak-295x220-cm","status":"publish","type":"product","link":"https:\/\/www.atta45.se\/e-butik\/produkt\/tygvagg-rak-295x220-cm\/","title":{"rendered":"M\u00e4ssv\u00e4gg, Softwall Rak (295&#215;220 cm)"},"content":{"rendered":"<p>Rak elegant tygv\u00e4gg 295&#215;220 cm. Tyget dras \u00f6ver aluminium ramen (som best\u00e4lls som ett tillbeh\u00f6r) och st\u00e4ngs med en dragkedja, v\u00e4ger bara 13 kg. <\/p>\n<p>Tryckyta 3030 x 2270 mm p\u00e5 en sida.<br \/>Man v\u00e4ljer enkelt om man vill ha tryck p\u00e5 en eller tv\u00e5 sidor.<\/p>\n<p>Packas i en svart b\u00e4rbag.<\/p>\n","protected":false},"excerpt":{"rendered":"<p>Rak elegant tygv\u00e4gg 295&#215;220 cm. Tyget dras \u00f6ver aluminium ramen (som best\u00e4lls som ett tillbeh\u00f6r) och st\u00e4ngs med en dragkedja, v\u00e4ger bara 13 kg. Tryckyta 3030 x 2270 mm p\u00e5 en sida.Man v\u00e4ljer enkelt om man vill ha tryck p\u00e5 en eller tv\u00e5 sidor. Packas i en svart b\u00e4rbag.<\/p>\n","protected":false},"featured_media":31692,"template":"","meta":{"_acf_changed":false,"_seopress_robots_primary_cat":"","_seopress_titles_title":"","_seopress_titles_desc":"","_seopress_robots_index":""},"product_brand":[],"product_cat":[15],"product_tag":[],"class_list":{"0":"post-31691","1":"product","2":"type-product","3":"status-publish","4":"has-post-thumbnail","6":"product_cat-okategoriserad","7":"atta45_taxonomy-expo-event-popup-displayer-sv","8":"atta45_taxonomy-expo-event-popup-massvaggar-sv","10":"first","11":"instock","12":"taxable","13":"shipping-taxable","14":"purchasable","15":"product-type-variable"},"acf":[],"_links":{"self":[{"href":"https:\/\/www.atta45.se\/e-butik\/wp-json\/wp\/v2\/product\/31691","targetHints":{"allow":["GET"]}}],"collection":[{"href":"https:\/\/www.atta45.se\/e-butik\/wp-json\/wp\/v2\/product"}],"about":[{"href":"https:\/\/www.atta45.se\/e-butik\/wp-json\/wp\/v2\/types\/product"}],"wp:featuredmedia":[{"embeddable":true,"href":"https:\/\/www.atta45.se\/e-butik\/wp-json\/wp\/v2\/media\/31692"}],"wp:attachment":[{"href":"https:\/\/www.atta45.se\/e-butik\/wp-json\/wp\/v2\/media?parent=31691"}],"wp:term":[{"taxonomy":"product_brand","embeddable":true,"href":"https:\/\/www.atta45.se\/e-butik\/wp-json\/wp\/v2\/product_brand?post=31691"},{"taxonomy":"product_cat","embeddable":true,"href":"https:\/\/www.atta45.se\/e-butik\/wp-json\/wp\/v2\/product_cat?post=31691"},{"taxonomy":"product_tag","embeddable":true,"href":"https:\/\/www.atta45.se\/e-butik\/wp-json\/wp\/v2\/product_tag?post=31691"}],"curies":[{"name":"wp","href":"https:\/\/api.w.org\/{rel}","templated":true}]}}