{"id":3166,"date":"2020-01-09T13:17:41","date_gmt":"2020-01-09T12:17:41","guid":{"rendered":"https:\/\/flipptryck.a-demo.se\/?post_type=product&#038;p=3166"},"modified":"2025-12-12T14:54:29","modified_gmt":"2025-12-12T13:54:29","slug":"kuvert","status":"publish","type":"product","link":"https:\/\/www.atta45.se\/e-butik\/produkt\/kuvert\/","title":{"rendered":"Kuvert"},"content":{"rendered":"","protected":false},"excerpt":{"rendered":"<h1>Trycka kuvert<\/h1>\n<p>\u00c5tta45 Tryckeri \u00e4r ett av Sveriges st\u00f6rsta tryckerier. Vi trycker kuvert i alla olika storlekar och utf\u00f6randen. Ett kuvert som har en personlig pr\u00e4gel, en logotyp eller ett budskap ger ett seri\u00f6st intryck hos mottagaren.<\/p>\n<p>Vill du kunna v\u00e4lja bland ett stort utbud av kuvert s\u00e5 har du kommit r\u00e4tt. \u00c5tta45 erbjuder en m\u00e4ngd olika papperskvaliteter med eller utan klisterremsa. F\u00f6nsterkuvert finns i b\u00e5de liggande och st\u00e5ende format som passar olika format p\u00e5 fakturor och andra utskick. Du kan trycka ditt kuvert i olika format, och du kan placera avs\u00e4ndaradressen p\u00e5 kuvertets st\u00e4ngningsflik. Vi trycker \u00e4ven med variabeldata direkt p\u00e5 kuvertet, till exempel adresser, s\u00e5 slipper du etikettering. Ja, m\u00f6jligheterna \u00e4r m\u00e5nga. Du kan kort och gott utforma ditt kuvert p\u00e5 det s\u00e4tt som passar dina syften b\u00e4st.<\/p>\n<h2>Tryck din logotype p\u00e5 kuvert med eller utan f\u00f6nster \u2013 vi levererar snabbt till bra pris!<\/h2>\n<p>Har du fr\u00e5gor n\u00e5r du oss snabbt via chattfunktionen l\u00e4ngst ner till h\u00f6ger p\u00e5 den h\u00e4r sidan.<\/p>\n<p>V\u00e5r e-handel inneh\u00e5ller en m\u00e4ngd produktsidor. Hittar du inte det du s\u00f6ker kan du enkelt beg\u00e4ra en offert via knappen nedan. Vi svarar snabbt och ger dig den support du beh\u00f6ver.<br \/>\n<a href=\"https:\/\/www.atta45.se\/e-butik\/offert\/\"><strong>Jag vill ha en offert<\/strong><\/a><\/p>\n<h2>G\u00f6r det verkligen skillnad med ett eget kuvert?<\/h2>\n<p>Ja, ett eget personligt utformat kuvert kan vara skillnaden mellan en lyckad eller misslyckad reklamkampanj. Du kan lyfta hela din kampanj med r\u00e4tt slags utf\u00f6rande och ett genomt\u00e4nkt budskap p\u00e5 kuvertet.<br \/>\nVi har l\u00e5ng erfarenhet av direktreklam och har m\u00e5nga id\u00e9er p\u00e5 lager. Med oss som bollplank kan du skapa kuvert som fungerar och g\u00f6r skillnad. Och vill du dessutom trycka kuvert till ett billigt pris har du kommit r\u00e4tt.<\/p>\n<h2>Logo p\u00e5 kuvertet skapar ett proffsigt intryck<\/h2>\n<p>Alla f\u00f6retag vill synas och bli ih\u00e5gkomna. En snygg logotyp g\u00f6r det jobbet \u00e5t dig. Men den m\u00e5ste synas p\u00e5 s\u00e5 m\u00e5nga st\u00e4llen som m\u00f6jligt. Om du har din logotyp p\u00e5 kuvertet p\u00e5minner du mottagaren om ditt f\u00f6retag p\u00e5 ett v\u00e4nligt s\u00e4tt.<br \/>\n\u00c5tta45 ser till att f\u00e4rg\u00e5tergivningen p\u00e5 din logotyp h\u00e5ller h\u00f6gsta kvalitet s\u00e5 att ditt kuvert ger ett proffsigt intryck som drar blickarna till sig.<\/p>\n<h2>Kund och kvalitet i fokus<\/h2>\n<p>\u00c5tta45 Tryckeri har funnits sedan 1999 och \u00e4r ett av Sveriges st\u00f6rsta tryckerier. V\u00e5r m\u00e5ls\u00e4ttning \u00e4r att alltid s\u00e4tta dig som kund i fr\u00e4msta rummet. Din best\u00e4llning ska hanteras s\u00e5 smidigt, enkelt och kostnadseffektivt det bara g\u00e5r. Du ska kunna k\u00e4nna dig trygg och omh\u00e4ndertagen och f\u00e5 den hj\u00e4lp du beh\u00f6ver.<br \/>\nVi p\u00e5 \u00c5tta45 arbetar h\u00e5rt med att kvalitetss\u00e4kra hela v\u00e5r tillverkningsprocess. V\u00e5rt tryckeri i Stockholm \u00e4r Skandinaviens modernaste och har kapacitet att tillgodose alla dina \u00f6nskem\u00e5l. Vi \u00e4r certifierade enligt CGP (grafiska branschens kvalitetscertifiering) vilket s\u00e4kerst\u00e4ller att din trycksak, oavsett om det \u00e4r en omfattande broschyr eller en liten trycksak, som ett kuvert, h\u00e5ller h\u00f6gsta kvalitet.<\/p>\n<h2>Vi kan klimatkompensera ditt kuvert<\/h2>\n<p>Ett av v\u00e5ra ledord \u00e4r milj\u00f6engagemang. \u00c5tta45 Tryckeri \u00e4r det f\u00f6rsta tryckeriet i Sverige som fick licens f\u00f6r Svanen. Vill du m\u00e4rka ditt kuvert med Svanen kan du bara kontakta oss s\u00e5 f\u00f6rser vi dig med v\u00e5r Svanen-logotyp.<br \/>\nAllt det vi producerar \u00e4r milj\u00f6v\u00e4nligt och har h\u00f6g \u00e5tervinningsgrad, och allt som du best\u00e4ller h\u00e4r i e-butiken \u00e4r klimatkompenserat. Vi p\u00e5 \u00c5tta45 Tryckeri har samarbete med South Pole, en av v\u00e4rldens ledande utvecklare av klimatprojekt. S\u00e5 om du vill m\u00e4rka ditt kuvert s\u00e5 att dina kunder ser att den \u00e4r klimatkompenserad ordnar vi det.<\/p>\n<p>&nbsp;<\/p>\n","protected":false},"featured_media":11602,"template":"","meta":{"_acf_changed":false,"_seopress_robots_primary_cat":"none","_seopress_titles_title":"Tryck av Kuvert med h\u00f6g kvalitet till bra pris | \u00c5tta.45 Tryckeri","_seopress_titles_desc":"\u00c5tta.45 Tryckeri \u00e4r ett av Sveriges st\u00f6rsta tryckerier. Vi trycker alla typer av kuvert i alla olika storlekar. R\u00e4tt kuvert kan g\u00f6ra att er DR-kampanj lyckas.","_seopress_robots_index":""},"product_brand":[],"product_cat":[15,98],"product_tag":[],"class_list":{"0":"post-3166","1":"product","2":"type-product","3":"status-publish","4":"has-post-thumbnail","6":"product_cat-okategoriserad","7":"product_cat-trycksaker","9":"first","10":"instock","11":"taxable","12":"shipping-taxable","13":"purchasable","14":"product-type-variable","15":"has-default-attributes"},"acf":[],"_links":{"self":[{"href":"https:\/\/www.atta45.se\/e-butik\/wp-json\/wp\/v2\/product\/3166","targetHints":{"allow":["GET"]}}],"collection":[{"href":"https:\/\/www.atta45.se\/e-butik\/wp-json\/wp\/v2\/product"}],"about":[{"href":"https:\/\/www.atta45.se\/e-butik\/wp-json\/wp\/v2\/types\/product"}],"wp:featuredmedia":[{"embeddable":true,"href":"https:\/\/www.atta45.se\/e-butik\/wp-json\/wp\/v2\/media\/11602"}],"wp:attachment":[{"href":"https:\/\/www.atta45.se\/e-butik\/wp-json\/wp\/v2\/media?parent=3166"}],"wp:term":[{"taxonomy":"product_brand","embeddable":true,"href":"https:\/\/www.atta45.se\/e-butik\/wp-json\/wp\/v2\/product_brand?post=3166"},{"taxonomy":"product_cat","embeddable":true,"href":"https:\/\/www.atta45.se\/e-butik\/wp-json\/wp\/v2\/product_cat?post=3166"},{"taxonomy":"product_tag","embeddable":true,"href":"https:\/\/www.atta45.se\/e-butik\/wp-json\/wp\/v2\/product_tag?post=3166"}],"curies":[{"name":"wp","href":"https:\/\/api.w.org\/{rel}","templated":true}]}}