{"id":31639,"date":"2024-12-26T17:12:08","date_gmt":"2024-12-26T16:12:08","guid":{"rendered":"https:\/\/www.atta45.se\/e-butik\/?post_type=product&#038;p=31639"},"modified":"2025-10-28T04:26:09","modified_gmt":"2025-10-28T03:26:09","slug":"popup-rak-325-x-230-cm","status":"publish","type":"product","link":"https:\/\/www.atta45.se\/e-butik\/produkt\/popup-rak-325-x-230-cm\/","title":{"rendered":"Displayer Popup rak (325 x 230 cm)"},"content":{"rendered":"<p>Popup v\u00e4gg rak 3&#215;4 med aluminium ram och tryck p\u00e5 450g laminat. 2 lampor och transportv\u00e4ska ing\u00e5r Grafisk storlek 404x230cm Levereras 1 st i rullv\u00e4ska.<\/p>\n","protected":false},"excerpt":{"rendered":"<p>Popup v\u00e4gg rak 3&#215;4 med aluminium ram och tryck p\u00e5 450g laminat. 2 lampor och transportv\u00e4ska ing\u00e5r Grafisk storlek 404x230cm Levereras 1 st i rullv\u00e4ska.<\/p>\n","protected":false},"featured_media":31640,"template":"","meta":{"_acf_changed":false,"_seopress_robots_primary_cat":"","_seopress_titles_title":"","_seopress_titles_desc":"","_seopress_robots_index":""},"product_brand":[],"product_cat":[15],"product_tag":[],"class_list":{"0":"post-31639","1":"product","2":"type-product","3":"status-publish","4":"has-post-thumbnail","6":"product_cat-okategoriserad","7":"atta45_taxonomy-expo-event-popup-displayer-sv","8":"atta45_taxonomy-expo-event-popup-massvaggar-sv","10":"first","11":"instock","12":"taxable","13":"shipping-taxable","14":"purchasable","15":"product-type-variable"},"acf":[],"_links":{"self":[{"href":"https:\/\/www.atta45.se\/e-butik\/wp-json\/wp\/v2\/product\/31639","targetHints":{"allow":["GET"]}}],"collection":[{"href":"https:\/\/www.atta45.se\/e-butik\/wp-json\/wp\/v2\/product"}],"about":[{"href":"https:\/\/www.atta45.se\/e-butik\/wp-json\/wp\/v2\/types\/product"}],"wp:featuredmedia":[{"embeddable":true,"href":"https:\/\/www.atta45.se\/e-butik\/wp-json\/wp\/v2\/media\/31640"}],"wp:attachment":[{"href":"https:\/\/www.atta45.se\/e-butik\/wp-json\/wp\/v2\/media?parent=31639"}],"wp:term":[{"taxonomy":"product_brand","embeddable":true,"href":"https:\/\/www.atta45.se\/e-butik\/wp-json\/wp\/v2\/product_brand?post=31639"},{"taxonomy":"product_cat","embeddable":true,"href":"https:\/\/www.atta45.se\/e-butik\/wp-json\/wp\/v2\/product_cat?post=31639"},{"taxonomy":"product_tag","embeddable":true,"href":"https:\/\/www.atta45.se\/e-butik\/wp-json\/wp\/v2\/product_tag?post=31639"}],"curies":[{"name":"wp","href":"https:\/\/api.w.org\/{rel}","templated":true}]}}