{"id":31627,"date":"2024-12-26T17:11:59","date_gmt":"2024-12-26T16:11:59","guid":{"rendered":"https:\/\/www.atta45.se\/e-butik\/?post_type=product&#038;p=31627"},"modified":"2025-10-28T04:44:45","modified_gmt":"2025-10-28T03:44:45","slug":"popout-270x110-cm","status":"publish","type":"product","link":"https:\/\/www.atta45.se\/e-butik\/produkt\/popout-270x110-cm\/","title":{"rendered":"Popout (270&#215;110 cm)"},"content":{"rendered":"<p>Popout. Beskrivs b\u00e4st med ett ord. L\u00e4tt. B\u00e5de att anv\u00e4nda och transportera. M\u00e5nga anv\u00e4ndningdsomr\u00e5den Levereras 1 set i en svart nylonbag.<\/p>\n","protected":false},"excerpt":{"rendered":"<p>Popout. Beskrivs b\u00e4st med ett ord. L\u00e4tt. B\u00e5de att anv\u00e4nda och transportera. M\u00e5nga anv\u00e4ndningdsomr\u00e5den Levereras 1 set i en svart nylonbag.<\/p>\n","protected":false},"featured_media":31628,"template":"","meta":{"_acf_changed":false,"_seopress_robots_primary_cat":"","_seopress_titles_title":"","_seopress_titles_desc":"","_seopress_robots_index":""},"product_brand":[],"product_cat":[15],"product_tag":[],"class_list":{"0":"post-31627","1":"product","2":"type-product","3":"status-publish","4":"has-post-thumbnail","6":"product_cat-okategoriserad","7":"atta45_taxonomy-expo-event-popout-sv","9":"first","10":"instock","11":"taxable","12":"shipping-taxable","13":"purchasable","14":"product-type-variable"},"acf":[],"_links":{"self":[{"href":"https:\/\/www.atta45.se\/e-butik\/wp-json\/wp\/v2\/product\/31627","targetHints":{"allow":["GET"]}}],"collection":[{"href":"https:\/\/www.atta45.se\/e-butik\/wp-json\/wp\/v2\/product"}],"about":[{"href":"https:\/\/www.atta45.se\/e-butik\/wp-json\/wp\/v2\/types\/product"}],"wp:featuredmedia":[{"embeddable":true,"href":"https:\/\/www.atta45.se\/e-butik\/wp-json\/wp\/v2\/media\/31628"}],"wp:attachment":[{"href":"https:\/\/www.atta45.se\/e-butik\/wp-json\/wp\/v2\/media?parent=31627"}],"wp:term":[{"taxonomy":"product_brand","embeddable":true,"href":"https:\/\/www.atta45.se\/e-butik\/wp-json\/wp\/v2\/product_brand?post=31627"},{"taxonomy":"product_cat","embeddable":true,"href":"https:\/\/www.atta45.se\/e-butik\/wp-json\/wp\/v2\/product_cat?post=31627"},{"taxonomy":"product_tag","embeddable":true,"href":"https:\/\/www.atta45.se\/e-butik\/wp-json\/wp\/v2\/product_tag?post=31627"}],"curies":[{"name":"wp","href":"https:\/\/api.w.org\/{rel}","templated":true}]}}