{"id":31621,"date":"2024-12-26T17:11:54","date_gmt":"2024-12-26T16:11:54","guid":{"rendered":"https:\/\/www.atta45.se\/e-butik\/?post_type=product&#038;p=31621"},"modified":"2025-10-28T04:44:33","modified_gmt":"2025-10-28T03:44:33","slug":"popout-200x100-cm","status":"publish","type":"product","link":"https:\/\/www.atta45.se\/e-butik\/produkt\/popout-200x100-cm\/","title":{"rendered":"Popout (200&#215;100 cm)"},"content":{"rendered":"<p>Popout. L\u00e4tt b\u00e5de att anv\u00e4nda och transportera. Tryck p\u00e5 b\u00e5da sidor. M\u00e5nga anv\u00e4ndningdsomr\u00e5den Levereras 1 set i en svart nylonbag.<\/p>\n","protected":false},"excerpt":{"rendered":"<p>Popout. L\u00e4tt b\u00e5de att anv\u00e4nda och transportera. Tryck p\u00e5 b\u00e5da sidor. M\u00e5nga anv\u00e4ndningdsomr\u00e5den Levereras 1 set i en svart nylonbag.<\/p>\n","protected":false},"featured_media":31622,"template":"","meta":{"_acf_changed":false,"_seopress_robots_primary_cat":"","_seopress_titles_title":"","_seopress_titles_desc":"","_seopress_robots_index":""},"product_brand":[],"product_cat":[15],"product_tag":[],"class_list":{"0":"post-31621","1":"product","2":"type-product","3":"status-publish","4":"has-post-thumbnail","6":"product_cat-okategoriserad","7":"atta45_taxonomy-expo-event-popout-sv","9":"first","10":"instock","11":"taxable","12":"shipping-taxable","13":"purchasable","14":"product-type-variable"},"acf":[],"_links":{"self":[{"href":"https:\/\/www.atta45.se\/e-butik\/wp-json\/wp\/v2\/product\/31621","targetHints":{"allow":["GET"]}}],"collection":[{"href":"https:\/\/www.atta45.se\/e-butik\/wp-json\/wp\/v2\/product"}],"about":[{"href":"https:\/\/www.atta45.se\/e-butik\/wp-json\/wp\/v2\/types\/product"}],"wp:featuredmedia":[{"embeddable":true,"href":"https:\/\/www.atta45.se\/e-butik\/wp-json\/wp\/v2\/media\/31622"}],"wp:attachment":[{"href":"https:\/\/www.atta45.se\/e-butik\/wp-json\/wp\/v2\/media?parent=31621"}],"wp:term":[{"taxonomy":"product_brand","embeddable":true,"href":"https:\/\/www.atta45.se\/e-butik\/wp-json\/wp\/v2\/product_brand?post=31621"},{"taxonomy":"product_cat","embeddable":true,"href":"https:\/\/www.atta45.se\/e-butik\/wp-json\/wp\/v2\/product_cat?post=31621"},{"taxonomy":"product_tag","embeddable":true,"href":"https:\/\/www.atta45.se\/e-butik\/wp-json\/wp\/v2\/product_tag?post=31621"}],"curies":[{"name":"wp","href":"https:\/\/api.w.org\/{rel}","templated":true}]}}