{"id":3162,"date":"2020-01-09T13:12:00","date_gmt":"2020-01-09T12:12:00","guid":{"rendered":"https:\/\/flipptryck.a-demo.se\/?post_type=product&#038;p=3162"},"modified":"2025-12-12T14:54:34","modified_gmt":"2025-12-12T13:54:34","slug":"kuber","status":"publish","type":"product","link":"https:\/\/www.atta45.se\/e-butik\/produkt\/kuber\/","title":{"rendered":"Kuber"},"content":{"rendered":"","protected":false},"excerpt":{"rendered":"<p>Stapla ditt budskap! Bygg torn av f\u00e4rglada kuber. En kub exponerar ditt budskap \u00e5t alla h\u00e5ll samtidigt. Placera dem i skyltf\u00f6nstret eller mitt i er butik f\u00f6r att v\u00e4cka uppm\u00e4rksamhet. Du kan ocks\u00e5 h\u00e4nga upp dom som mobiler. Konstruktionen \u00e4r enkel att montera. Kuberna tillverkas i miniwell. De \u00e4r stansade och f\u00f6rlimmade f\u00f6r enkel montering. Givetvis kan vi g\u00f6ra kuber i andra format ocks\u00e5.<\/p>\n<p>OBS: Vi kan endast ta emot en fil per produkt. Om ni vill ladda upp fler tryckoriginal, s\u00e5 skapa en mapp som ni l\u00e4gger filerna i. Sedan komprimerar ni mappen. Vi tar emot komprimerade format s\u00e5som: zip, rar, gz och 7z.<\/p>\n<p>&nbsp;<\/p>\n","protected":false},"featured_media":4397,"template":"","meta":{"_acf_changed":false,"_seopress_robots_primary_cat":"none","_seopress_titles_title":"Best\u00e4ll kuber i miniwell till bra priser | \u00c5tta.45 Tryckeri","_seopress_titles_desc":"Skapa en h\u00e4ftig skyltning med staplar av kuber. Konstruktionen \u00e4r enkel att montera. Kuberna tillverkas i miniwell. En kub visar ditt budskap \u00e5t alla h\u00e5ll.","_seopress_robots_index":""},"product_brand":[],"product_cat":[15,110],"product_tag":[],"class_list":{"0":"post-3162","1":"product","2":"type-product","3":"status-publish","4":"has-post-thumbnail","6":"product_cat-okategoriserad","7":"product_cat-butiksmaterial","9":"first","10":"instock","11":"taxable","12":"shipping-taxable","13":"purchasable","14":"product-type-variable","15":"has-default-attributes"},"acf":[],"_links":{"self":[{"href":"https:\/\/www.atta45.se\/e-butik\/wp-json\/wp\/v2\/product\/3162","targetHints":{"allow":["GET"]}}],"collection":[{"href":"https:\/\/www.atta45.se\/e-butik\/wp-json\/wp\/v2\/product"}],"about":[{"href":"https:\/\/www.atta45.se\/e-butik\/wp-json\/wp\/v2\/types\/product"}],"wp:featuredmedia":[{"embeddable":true,"href":"https:\/\/www.atta45.se\/e-butik\/wp-json\/wp\/v2\/media\/4397"}],"wp:attachment":[{"href":"https:\/\/www.atta45.se\/e-butik\/wp-json\/wp\/v2\/media?parent=3162"}],"wp:term":[{"taxonomy":"product_brand","embeddable":true,"href":"https:\/\/www.atta45.se\/e-butik\/wp-json\/wp\/v2\/product_brand?post=3162"},{"taxonomy":"product_cat","embeddable":true,"href":"https:\/\/www.atta45.se\/e-butik\/wp-json\/wp\/v2\/product_cat?post=3162"},{"taxonomy":"product_tag","embeddable":true,"href":"https:\/\/www.atta45.se\/e-butik\/wp-json\/wp\/v2\/product_tag?post=3162"}],"curies":[{"name":"wp","href":"https:\/\/api.w.org\/{rel}","templated":true}]}}