{"id":31609,"date":"2024-12-26T17:11:46","date_gmt":"2024-12-26T16:11:46","guid":{"rendered":"https:\/\/www.atta45.se\/e-butik\/?post_type=product&#038;p=31609"},"modified":"2025-10-28T05:16:43","modified_gmt":"2025-10-28T04:16:43","slug":"hydraulisk-massdisk-tyg-80x40-cm-h98-cm","status":"publish","type":"product","link":"https:\/\/www.atta45.se\/e-butik\/produkt\/hydraulisk-massdisk-tyg-80x40-cm-h98-cm\/","title":{"rendered":"Tyg f\u00f6r Hydraulisk m\u00e4ssdisk (80&#215;40 cm H98 cm)"},"content":{"rendered":"<p>Nytt och fint m\u00e4ssbord. Du l\u00e4gger till ramen separat som tillbeh\u00f6r.<\/p>\n<p>Tar n\u00e4stan ingen plats n\u00e4r den \u00e4r packad i sin transportv\u00e4ska. Rektangul\u00e4rt hydraulisk m\u00e4ssdisk i strechpolyester. <\/p>\n<p>Storlek 80&#215;40 cm H\u00f6jd 98 cm. <\/p>\n<p>Levereras i en svart nylonv\u00e4ska.<\/p>\n","protected":false},"excerpt":{"rendered":"<p>Nytt och fint m\u00e4ssbord. Du l\u00e4gger till ramen separat som tillbeh\u00f6r. Tar n\u00e4stan ingen plats n\u00e4r den \u00e4r packad i sin transportv\u00e4ska. Rektangul\u00e4rt hydraulisk m\u00e4ssdisk i strechpolyester. Storlek 80&#215;40 cm H\u00f6jd 98 cm. Levereras i en svart nylonv\u00e4ska.<\/p>\n","protected":false},"featured_media":31610,"template":"","meta":{"_acf_changed":false,"_seopress_robots_primary_cat":"","_seopress_titles_title":"","_seopress_titles_desc":"","_seopress_robots_index":""},"product_brand":[],"product_cat":[15],"product_tag":[],"class_list":{"0":"post-31609","1":"product","2":"type-product","3":"status-publish","4":"has-post-thumbnail","6":"product_cat-okategoriserad","7":"atta45_taxonomy-expo-event-massdiskar-sv","9":"first","10":"instock","11":"taxable","12":"shipping-taxable","13":"purchasable","14":"product-type-variable"},"acf":[],"_links":{"self":[{"href":"https:\/\/www.atta45.se\/e-butik\/wp-json\/wp\/v2\/product\/31609","targetHints":{"allow":["GET"]}}],"collection":[{"href":"https:\/\/www.atta45.se\/e-butik\/wp-json\/wp\/v2\/product"}],"about":[{"href":"https:\/\/www.atta45.se\/e-butik\/wp-json\/wp\/v2\/types\/product"}],"wp:featuredmedia":[{"embeddable":true,"href":"https:\/\/www.atta45.se\/e-butik\/wp-json\/wp\/v2\/media\/31610"}],"wp:attachment":[{"href":"https:\/\/www.atta45.se\/e-butik\/wp-json\/wp\/v2\/media?parent=31609"}],"wp:term":[{"taxonomy":"product_brand","embeddable":true,"href":"https:\/\/www.atta45.se\/e-butik\/wp-json\/wp\/v2\/product_brand?post=31609"},{"taxonomy":"product_cat","embeddable":true,"href":"https:\/\/www.atta45.se\/e-butik\/wp-json\/wp\/v2\/product_cat?post=31609"},{"taxonomy":"product_tag","embeddable":true,"href":"https:\/\/www.atta45.se\/e-butik\/wp-json\/wp\/v2\/product_tag?post=31609"}],"curies":[{"name":"wp","href":"https:\/\/api.w.org\/{rel}","templated":true}]}}