{"id":31591,"date":"2024-12-26T17:11:27","date_gmt":"2024-12-26T16:11:27","guid":{"rendered":"https:\/\/www.atta45.se\/e-butik\/?post_type=product&#038;p=31591"},"modified":"2025-10-28T04:36:41","modified_gmt":"2025-10-28T03:36:41","slug":"massdisk-tyg-60x40cm-h100-cm","status":"publish","type":"product","link":"https:\/\/www.atta45.se\/e-butik\/produkt\/massdisk-tyg-60x40cm-h100-cm\/","title":{"rendered":"Tyg f\u00f6r M\u00e4ssdisk (60x40cm H100 cm)"},"content":{"rendered":"<p>Nytt och fint m\u00e4ssbord. Du l\u00e4gger till ramen separat som tillbeh\u00f6r.<\/p>\n<p>Tar n\u00e4stan ingen plats n\u00e4r den packas i sin transportv\u00e4ska.<\/p>\n<p>Oval Reklambord i sp\u00e4nningstyg.<\/p>\n<p>Storlek 60 x 40 x 100 cm. Grafisk storlek 148&#215;100 cm L\u00e4tt vikt 7,5 kg.<\/p>\n<p>F\u00f6rpackad i en oxfordp\u00e5se.<\/p>\n<p>Du best\u00e4ller tyget och ramen separat.<\/p>\n","protected":false},"excerpt":{"rendered":"<p>Nytt och fint m\u00e4ssbord. Du l\u00e4gger till ramen separat som tillbeh\u00f6r. Tar n\u00e4stan ingen plats n\u00e4r den packas i sin transportv\u00e4ska. Oval Reklambord i sp\u00e4nningstyg. Storlek 60 x 40 x 100 cm. Grafisk storlek 148&#215;100 cm L\u00e4tt vikt 7,5 kg. F\u00f6rpackad i en oxfordp\u00e5se. Du best\u00e4ller tyget och ramen separat.<\/p>\n","protected":false},"featured_media":31592,"template":"","meta":{"_acf_changed":false,"_seopress_robots_primary_cat":"","_seopress_titles_title":"","_seopress_titles_desc":"","_seopress_robots_index":""},"product_brand":[],"product_cat":[15],"product_tag":[],"class_list":{"0":"post-31591","1":"product","2":"type-product","3":"status-publish","4":"has-post-thumbnail","6":"product_cat-okategoriserad","7":"atta45_taxonomy-expo-event-massdiskar-sv","9":"first","10":"instock","11":"taxable","12":"shipping-taxable","13":"purchasable","14":"product-type-variable"},"acf":[],"_links":{"self":[{"href":"https:\/\/www.atta45.se\/e-butik\/wp-json\/wp\/v2\/product\/31591","targetHints":{"allow":["GET"]}}],"collection":[{"href":"https:\/\/www.atta45.se\/e-butik\/wp-json\/wp\/v2\/product"}],"about":[{"href":"https:\/\/www.atta45.se\/e-butik\/wp-json\/wp\/v2\/types\/product"}],"wp:featuredmedia":[{"embeddable":true,"href":"https:\/\/www.atta45.se\/e-butik\/wp-json\/wp\/v2\/media\/31592"}],"wp:attachment":[{"href":"https:\/\/www.atta45.se\/e-butik\/wp-json\/wp\/v2\/media?parent=31591"}],"wp:term":[{"taxonomy":"product_brand","embeddable":true,"href":"https:\/\/www.atta45.se\/e-butik\/wp-json\/wp\/v2\/product_brand?post=31591"},{"taxonomy":"product_cat","embeddable":true,"href":"https:\/\/www.atta45.se\/e-butik\/wp-json\/wp\/v2\/product_cat?post=31591"},{"taxonomy":"product_tag","embeddable":true,"href":"https:\/\/www.atta45.se\/e-butik\/wp-json\/wp\/v2\/product_tag?post=31591"}],"curies":[{"name":"wp","href":"https:\/\/api.w.org\/{rel}","templated":true}]}}