{"id":31585,"date":"2024-12-26T17:11:23","date_gmt":"2024-12-26T16:11:23","guid":{"rendered":"https:\/\/www.atta45.se\/e-butik\/?post_type=product&#038;p=31585"},"modified":"2025-10-28T04:36:27","modified_gmt":"2025-10-28T03:36:27","slug":"massdisk-boomerang","status":"publish","type":"product","link":"https:\/\/www.atta45.se\/e-butik\/produkt\/massdisk-boomerang\/","title":{"rendered":"M\u00e4ssdisk Boomerang"},"content":{"rendered":"<p>M\u00e4ssdisk &#8221;Boomerang&#8221;. Stadig m\u00e4ssdisk med topskiva i svart tr\u00e4 och 4 hyllplan. Praktiskt packutrymme n\u00e4r den \u00e4r st\u00e4ngd samt hjul p\u00e5 v\u00e4skan f\u00f6r enklare transporter. <\/p>\n<p>Storlek monterad 125 x 66 cm h\u00f6jd 99 cm, st\u00e4ngd 66 x 41 h\u00f6jd 96 cm. Grafik 1680 x 830 mm. Vikt komplett 23 kg.<\/p>\n<p>Levereras 1 st i en kartong.<\/p>\n","protected":false},"excerpt":{"rendered":"<p>M\u00e4ssdisk &#8221;Boomerang&#8221;. Stadig m\u00e4ssdisk med topskiva i svart tr\u00e4 och 4 hyllplan. Praktiskt packutrymme n\u00e4r den \u00e4r st\u00e4ngd samt hjul p\u00e5 v\u00e4skan f\u00f6r enklare transporter. Storlek monterad 125 x 66 cm h\u00f6jd 99 cm, st\u00e4ngd 66 x 41 h\u00f6jd 96 cm. Grafik 1680 x 830 mm. Vikt komplett 23 kg. Levereras 1 st i en [&hellip;]<\/p>\n","protected":false},"featured_media":31586,"template":"","meta":{"_acf_changed":false,"_seopress_robots_primary_cat":"","_seopress_titles_title":"","_seopress_titles_desc":"","_seopress_robots_index":""},"product_brand":[],"product_cat":[15],"product_tag":[],"class_list":{"0":"post-31585","1":"product","2":"type-product","3":"status-publish","4":"has-post-thumbnail","6":"product_cat-okategoriserad","7":"atta45_taxonomy-expo-event-massdiskar-sv","9":"first","10":"instock","11":"taxable","12":"shipping-taxable","13":"purchasable","14":"product-type-variable"},"acf":[],"_links":{"self":[{"href":"https:\/\/www.atta45.se\/e-butik\/wp-json\/wp\/v2\/product\/31585","targetHints":{"allow":["GET"]}}],"collection":[{"href":"https:\/\/www.atta45.se\/e-butik\/wp-json\/wp\/v2\/product"}],"about":[{"href":"https:\/\/www.atta45.se\/e-butik\/wp-json\/wp\/v2\/types\/product"}],"wp:featuredmedia":[{"embeddable":true,"href":"https:\/\/www.atta45.se\/e-butik\/wp-json\/wp\/v2\/media\/31586"}],"wp:attachment":[{"href":"https:\/\/www.atta45.se\/e-butik\/wp-json\/wp\/v2\/media?parent=31585"}],"wp:term":[{"taxonomy":"product_brand","embeddable":true,"href":"https:\/\/www.atta45.se\/e-butik\/wp-json\/wp\/v2\/product_brand?post=31585"},{"taxonomy":"product_cat","embeddable":true,"href":"https:\/\/www.atta45.se\/e-butik\/wp-json\/wp\/v2\/product_cat?post=31585"},{"taxonomy":"product_tag","embeddable":true,"href":"https:\/\/www.atta45.se\/e-butik\/wp-json\/wp\/v2\/product_tag?post=31585"}],"curies":[{"name":"wp","href":"https:\/\/api.w.org\/{rel}","templated":true}]}}