{"id":31543,"date":"2024-12-26T17:10:53","date_gmt":"2024-12-26T16:10:53","guid":{"rendered":"https:\/\/www.atta45.se\/e-butik\/?post_type=product&#038;p=31543"},"modified":"2025-10-28T03:46:17","modified_gmt":"2025-10-28T02:46:17","slug":"logotopp-epoxy-sticker-30-mm","status":"publish","type":"product","link":"https:\/\/www.atta45.se\/e-butik\/produkt\/logotopp-epoxy-sticker-30-mm\/","title":{"rendered":"Logotopp, Epoxy sticker (30 mm)"},"content":{"rendered":"<p>En logotopp eller epoxy sticker \u00e4r gjord som en sticker, men t\u00e4ckt av en snygg epoxyyta som ger en exklusiv k\u00e4nsla. 3M starkt sj\u00e4lvh\u00e4ftande baksida.<\/p>\n","protected":false},"excerpt":{"rendered":"<p>En logotopp eller epoxy sticker \u00e4r gjord som en sticker, men t\u00e4ckt av en snygg epoxyyta som ger en exklusiv k\u00e4nsla. 3M starkt sj\u00e4lvh\u00e4ftande baksida.<\/p>\n","protected":false},"featured_media":31544,"template":"","meta":{"_acf_changed":false,"_seopress_robots_primary_cat":"","_seopress_titles_title":"","_seopress_titles_desc":"","_seopress_robots_index":""},"product_brand":[],"product_cat":[15],"product_tag":[],"class_list":{"0":"post-31543","1":"product","2":"type-product","3":"status-publish","4":"has-post-thumbnail","6":"product_cat-okategoriserad","7":"atta45_taxonomy-expo-event-logotopp-epoxy-sticker-sv","8":"atta45_taxonomy-tema-inspiration-varumarken-ycp-sv","10":"first","11":"instock","12":"taxable","13":"shipping-taxable","14":"purchasable","15":"product-type-variable"},"acf":[],"_links":{"self":[{"href":"https:\/\/www.atta45.se\/e-butik\/wp-json\/wp\/v2\/product\/31543","targetHints":{"allow":["GET"]}}],"collection":[{"href":"https:\/\/www.atta45.se\/e-butik\/wp-json\/wp\/v2\/product"}],"about":[{"href":"https:\/\/www.atta45.se\/e-butik\/wp-json\/wp\/v2\/types\/product"}],"wp:featuredmedia":[{"embeddable":true,"href":"https:\/\/www.atta45.se\/e-butik\/wp-json\/wp\/v2\/media\/31544"}],"wp:attachment":[{"href":"https:\/\/www.atta45.se\/e-butik\/wp-json\/wp\/v2\/media?parent=31543"}],"wp:term":[{"taxonomy":"product_brand","embeddable":true,"href":"https:\/\/www.atta45.se\/e-butik\/wp-json\/wp\/v2\/product_brand?post=31543"},{"taxonomy":"product_cat","embeddable":true,"href":"https:\/\/www.atta45.se\/e-butik\/wp-json\/wp\/v2\/product_cat?post=31543"},{"taxonomy":"product_tag","embeddable":true,"href":"https:\/\/www.atta45.se\/e-butik\/wp-json\/wp\/v2\/product_tag?post=31543"}],"curies":[{"name":"wp","href":"https:\/\/api.w.org\/{rel}","templated":true}]}}