{"id":3153,"date":"2020-01-09T12:55:11","date_gmt":"2020-01-09T11:55:11","guid":{"rendered":"https:\/\/flipptryck.a-demo.se\/?post_type=product&#038;p=3153"},"modified":"2025-12-12T14:54:39","modified_gmt":"2025-12-12T13:54:39","slug":"folder-till-twisterstall","status":"publish","type":"product","link":"https:\/\/www.atta45.se\/e-butik\/produkt\/folder-till-twisterstall\/","title":{"rendered":"Folder till twisterst\u00e4ll"},"content":{"rendered":"","protected":false},"excerpt":{"rendered":"<p>Formatet p\u00e5 foldern \u00e4r 99&#215;210 mm, den har 6 sidor och passar perfekt i twisterst\u00e4llet. En tryckt folder kan exempelvis fungera som en bruksanvisning med instruktioner, ett evenemangsprogram eller en produktinformation. Denna variant av folder \u00e4r ocks\u00e5 popul\u00e4r som en f\u00f6renklad meny f\u00f6r restauranger.<\/p>\n<p>OBS: Vi kan endast ta emot en fil per produkt. Om ni vill ladda upp fler tryckoriginal, s\u00e5 skapa en mapp som ni l\u00e4gger filerna i. Sedan komprimerar ni mappen. Vi tar emot komprimerade format s\u00e5som: zip, rar, gz och 7z.<\/p>\n<p>&nbsp;<\/p>\n","protected":false},"featured_media":6832,"template":"","meta":{"_acf_changed":false,"_seopress_robots_primary_cat":"none","_seopress_titles_title":"Tryckt folder som passar i twisterst\u00e4llet | \u00c5tta.45 Tryckeri","_seopress_titles_desc":"6-sidig folder i ett omtyckt och smidigt format. Perfekt f\u00f6r en bruksanvisning, ett evenemangsprogram eller en meny f\u00f6r restauranger.","_seopress_robots_index":""},"product_brand":[],"product_cat":[15,110],"product_tag":[],"class_list":{"0":"post-3153","1":"product","2":"type-product","3":"status-publish","4":"has-post-thumbnail","6":"product_cat-okategoriserad","7":"product_cat-butiksmaterial","9":"first","10":"instock","11":"taxable","12":"shipping-taxable","13":"purchasable","14":"product-type-variable","15":"has-default-attributes"},"acf":[],"_links":{"self":[{"href":"https:\/\/www.atta45.se\/e-butik\/wp-json\/wp\/v2\/product\/3153","targetHints":{"allow":["GET"]}}],"collection":[{"href":"https:\/\/www.atta45.se\/e-butik\/wp-json\/wp\/v2\/product"}],"about":[{"href":"https:\/\/www.atta45.se\/e-butik\/wp-json\/wp\/v2\/types\/product"}],"wp:featuredmedia":[{"embeddable":true,"href":"https:\/\/www.atta45.se\/e-butik\/wp-json\/wp\/v2\/media\/6832"}],"wp:attachment":[{"href":"https:\/\/www.atta45.se\/e-butik\/wp-json\/wp\/v2\/media?parent=3153"}],"wp:term":[{"taxonomy":"product_brand","embeddable":true,"href":"https:\/\/www.atta45.se\/e-butik\/wp-json\/wp\/v2\/product_brand?post=3153"},{"taxonomy":"product_cat","embeddable":true,"href":"https:\/\/www.atta45.se\/e-butik\/wp-json\/wp\/v2\/product_cat?post=3153"},{"taxonomy":"product_tag","embeddable":true,"href":"https:\/\/www.atta45.se\/e-butik\/wp-json\/wp\/v2\/product_tag?post=3153"}],"curies":[{"name":"wp","href":"https:\/\/api.w.org\/{rel}","templated":true}]}}