{"id":31461,"date":"2024-12-26T17:10:01","date_gmt":"2024-12-26T16:10:01","guid":{"rendered":"https:\/\/www.atta45.se\/e-butik\/?post_type=product&#038;p=31461"},"modified":"2025-10-28T03:44:15","modified_gmt":"2025-10-28T02:44:15","slug":"kampanjknappar-44-mm-o","status":"publish","type":"product","link":"https:\/\/www.atta45.se\/e-butik\/produkt\/kampanjknappar-44-mm-o\/","title":{"rendered":"Knappar Kampanjknappar (44 mm \u00d8)"},"content":{"rendered":"<p>Kampanjknappar \u00e4r perfekt f\u00f6r aff\u00e4rsreklam, kampanjer, mm. Metallbotten. Priset inkluderar offsettryck.<\/p>\n","protected":false},"excerpt":{"rendered":"<p>Kampanjknappar \u00e4r perfekt f\u00f6r aff\u00e4rsreklam, kampanjer, mm. Metallbotten. Priset inkluderar offsettryck.<\/p>\n","protected":false},"featured_media":31462,"template":"","meta":{"_acf_changed":false,"_seopress_robots_primary_cat":"","_seopress_titles_title":"","_seopress_titles_desc":"","_seopress_robots_index":""},"product_brand":[],"product_cat":[15],"product_tag":[],"class_list":{"0":"post-31461","1":"product","2":"type-product","3":"status-publish","4":"has-post-thumbnail","6":"product_cat-okategoriserad","7":"atta45_taxonomy-reflexer-verktyg-sakerhet-kampanjknapp-sv","8":"atta45_taxonomy-expo-event-kampanjknappar-sv","9":"atta45_taxonomy-tema-inspiration-varumarken-ycp-sv","11":"first","12":"instock","13":"taxable","14":"shipping-taxable","15":"purchasable","16":"product-type-variable"},"acf":[],"_links":{"self":[{"href":"https:\/\/www.atta45.se\/e-butik\/wp-json\/wp\/v2\/product\/31461","targetHints":{"allow":["GET"]}}],"collection":[{"href":"https:\/\/www.atta45.se\/e-butik\/wp-json\/wp\/v2\/product"}],"about":[{"href":"https:\/\/www.atta45.se\/e-butik\/wp-json\/wp\/v2\/types\/product"}],"wp:featuredmedia":[{"embeddable":true,"href":"https:\/\/www.atta45.se\/e-butik\/wp-json\/wp\/v2\/media\/31462"}],"wp:attachment":[{"href":"https:\/\/www.atta45.se\/e-butik\/wp-json\/wp\/v2\/media?parent=31461"}],"wp:term":[{"taxonomy":"product_brand","embeddable":true,"href":"https:\/\/www.atta45.se\/e-butik\/wp-json\/wp\/v2\/product_brand?post=31461"},{"taxonomy":"product_cat","embeddable":true,"href":"https:\/\/www.atta45.se\/e-butik\/wp-json\/wp\/v2\/product_cat?post=31461"},{"taxonomy":"product_tag","embeddable":true,"href":"https:\/\/www.atta45.se\/e-butik\/wp-json\/wp\/v2\/product_tag?post=31461"}],"curies":[{"name":"wp","href":"https:\/\/api.w.org\/{rel}","templated":true}]}}