{"id":3145,"date":"2020-01-09T11:36:15","date_gmt":"2020-01-09T10:36:15","guid":{"rendered":"https:\/\/flipptryck.a-demo.se\/?post_type=product&#038;p=3145"},"modified":"2025-12-12T15:00:04","modified_gmt":"2025-12-12T14:00:04","slug":"dekal-fonster","status":"publish","type":"product","link":"https:\/\/www.atta45.se\/e-butik\/produkt\/dekal-fonster\/","title":{"rendered":"Dekal F\u00f6nster"},"content":{"rendered":"","protected":false},"excerpt":{"rendered":"<p>Anv\u00e4nda dina f\u00f6nster till att locka kunder eller informera om erbjudanden! F\u00f6nsterdekaler \u00e4r dubbelsidiga och kommunicerar b\u00e5de ut\u00e5t och in\u00e5t \u2013 med olika design om du \u00f6nskar. Det \u00e4r en utm\u00e4rkt reklamprodukt till tempor\u00e4ra s\u00e4ljkampanjer som fungerar lika bra p\u00e5 en d\u00f6rr av glas som ett f\u00f6nster.<\/p>\n<p>Den f\u00e4ster mot sl\u00e4ta ytor som f\u00f6nster helt utan adhesiv. Dekalen \u00e4r l\u00e4tt att applicera och blir inte bubblig. Med v\u00e5rt h\u00f6guppl\u00f6sta digitaltryck f\u00e5r f\u00e4rger och bilder fantastisk lyster p\u00e5 detta material. Dessutom g\u00e5r dekalen att tas loss och applicera p\u00e5 nytt, g\u00e5ng p\u00e5 g\u00e5ng.<\/p>\n<p>OBS: Vi kan endast ta emot en fil per produkt. Om ni vill ladda upp fler tryckoriginal, s\u00e5 skapa en mapp som ni l\u00e4gger filerna i. Sedan komprimerar ni mappen. Vi tar emot komprimerade format s\u00e5som: zip, rar, gz och 7z.<\/p>\n<p>&nbsp;<\/p>\n","protected":false},"featured_media":4391,"template":"","meta":{"_acf_changed":false,"_seopress_robots_primary_cat":"none","_seopress_titles_title":"F\u00f6nsterdekaler - h\u00f6g kvalitet till bra pris | \u00c5tta.45 Tryckeri","_seopress_titles_desc":"Dubbelsidiga dekaler syns b\u00e5de inne och utomhus. F\u00f6nsterdekaler \u00e4r ett utm\u00e4rkt s\u00e4tt att kommunicera och de kan ha olika former och storlekar.","_seopress_robots_index":""},"product_brand":[],"product_cat":[15,110],"product_tag":[],"class_list":{"0":"post-3145","1":"product","2":"type-product","3":"status-publish","4":"has-post-thumbnail","6":"product_cat-okategoriserad","7":"product_cat-butiksmaterial","9":"first","10":"instock","11":"taxable","12":"shipping-taxable","13":"purchasable","14":"product-type-variable","15":"has-default-attributes"},"acf":[],"_links":{"self":[{"href":"https:\/\/www.atta45.se\/e-butik\/wp-json\/wp\/v2\/product\/3145","targetHints":{"allow":["GET"]}}],"collection":[{"href":"https:\/\/www.atta45.se\/e-butik\/wp-json\/wp\/v2\/product"}],"about":[{"href":"https:\/\/www.atta45.se\/e-butik\/wp-json\/wp\/v2\/types\/product"}],"wp:featuredmedia":[{"embeddable":true,"href":"https:\/\/www.atta45.se\/e-butik\/wp-json\/wp\/v2\/media\/4391"}],"wp:attachment":[{"href":"https:\/\/www.atta45.se\/e-butik\/wp-json\/wp\/v2\/media?parent=3145"}],"wp:term":[{"taxonomy":"product_brand","embeddable":true,"href":"https:\/\/www.atta45.se\/e-butik\/wp-json\/wp\/v2\/product_brand?post=3145"},{"taxonomy":"product_cat","embeddable":true,"href":"https:\/\/www.atta45.se\/e-butik\/wp-json\/wp\/v2\/product_cat?post=3145"},{"taxonomy":"product_tag","embeddable":true,"href":"https:\/\/www.atta45.se\/e-butik\/wp-json\/wp\/v2\/product_tag?post=3145"}],"curies":[{"name":"wp","href":"https:\/\/api.w.org\/{rel}","templated":true}]}}