{"id":314398,"date":"2025-04-17T19:52:16","date_gmt":"2025-04-17T17:52:16","guid":{"rendered":"https:\/\/www.atta45.se\/e-butik\/produkt\/pittsburgh-solid-colour-beanie-with-cuffed-design\/"},"modified":"2025-10-28T01:18:47","modified_gmt":"2025-10-28T00:18:47","slug":"pittsburgh-solid-colour-beanie-with-cuffed-design","status":"publish","type":"product","link":"https:\/\/www.atta45.se\/e-butik\/produkt\/pittsburgh-solid-colour-beanie-with-cuffed-design\/","title":{"rendered":"M\u00f6ssa, enf\u00e4rgad, med muddm\u00f6nster (PITTSBURGH)"},"content":{"rendered":"<p>SOLID COLOUR BEANIE WITH CUFFED DESIGN (PITTSBURGH)<\/p>\n<p>100% acrylic<br \/>Beanie with cuffed design<br \/>Rib 1&#215;1 &#8211; 56g\/pc<\/p>\n","protected":false},"excerpt":{"rendered":"<p>SOLID COLOUR BEANIE WITH CUFFED DESIGN (PITTSBURGH) 100% acrylicBeanie with cuffed designRib 1&#215;1 &#8211; 56g\/pc<\/p>\n","protected":false},"featured_media":314399,"template":"","meta":{"_acf_changed":false,"_seopress_robots_primary_cat":"","_seopress_titles_title":"","_seopress_titles_desc":"","_seopress_robots_index":""},"product_brand":[],"product_cat":[15],"product_tag":[],"class_list":{"0":"post-314398","1":"product","2":"type-product","3":"status-publish","4":"has-post-thumbnail","6":"product_cat-okategoriserad","7":"atta45_taxonomy-kepsar-mossor-kepsar-mossor-sv","8":"atta45_taxonomy-textil-mossor-kepsar-accessoarer-sv","10":"first","11":"instock","12":"taxable","13":"shipping-taxable","14":"purchasable","15":"product-type-variable"},"acf":[],"_links":{"self":[{"href":"https:\/\/www.atta45.se\/e-butik\/wp-json\/wp\/v2\/product\/314398","targetHints":{"allow":["GET"]}}],"collection":[{"href":"https:\/\/www.atta45.se\/e-butik\/wp-json\/wp\/v2\/product"}],"about":[{"href":"https:\/\/www.atta45.se\/e-butik\/wp-json\/wp\/v2\/types\/product"}],"wp:featuredmedia":[{"embeddable":true,"href":"https:\/\/www.atta45.se\/e-butik\/wp-json\/wp\/v2\/media\/314399"}],"wp:attachment":[{"href":"https:\/\/www.atta45.se\/e-butik\/wp-json\/wp\/v2\/media?parent=314398"}],"wp:term":[{"taxonomy":"product_brand","embeddable":true,"href":"https:\/\/www.atta45.se\/e-butik\/wp-json\/wp\/v2\/product_brand?post=314398"},{"taxonomy":"product_cat","embeddable":true,"href":"https:\/\/www.atta45.se\/e-butik\/wp-json\/wp\/v2\/product_cat?post=314398"},{"taxonomy":"product_tag","embeddable":true,"href":"https:\/\/www.atta45.se\/e-butik\/wp-json\/wp\/v2\/product_tag?post=314398"}],"curies":[{"name":"wp","href":"https:\/\/api.w.org\/{rel}","templated":true}]}}